{"id":118,"date":"2022-02-24T15:50:27","date_gmt":"2022-02-24T14:50:27","guid":{"rendered":"http:\/\/labonum.com\/?page_id=118"},"modified":"2022-03-02T08:35:44","modified_gmt":"2022-03-02T07:35:44","slug":"qui-sommes-nous","status":"publish","type":"page","link":"http:\/\/labonum.com\/?page_id=118","title":{"rendered":"A propos"},"content":{"rendered":"<nav class=\"is-responsive wp-block-navigation is-layout-flex wp-block-navigation-is-layout-flex\" aria-label=\"Navigation 5\" \n\t\t data-wp-interactive=\"core\/navigation\" data-wp-context='{\"overlayOpenedBy\":{\"click\":false,\"hover\":false,\"focus\":false},\"type\":\"overlay\",\"roleAttribute\":\"\",\"ariaLabel\":\"Menu\"}'><button aria-haspopup=\"dialog\" aria-label=\"Ouvrir le menu\" class=\"wp-block-navigation__responsive-container-open\" \n\t\t\t\tdata-wp-on--click=\"actions.openMenuOnClick\"\n\t\t\t\tdata-wp-on--keydown=\"actions.handleMenuKeydown\"\n\t\t\t><svg width=\"24\" height=\"24\" xmlns=\"http:\/\/www.w3.org\/2000\/svg\" viewBox=\"0 0 24 24\" aria-hidden=\"true\" focusable=\"false\"><path d=\"M4 7.5h16v1.5H4z\"><\/path><path d=\"M4 15h16v1.5H4z\"><\/path><\/svg><\/button>\n\t\t\t\t<div class=\"wp-block-navigation__responsive-container\"  id=\"modal-1\" \n\t\t\t\tdata-wp-class--has-modal-open=\"state.isMenuOpen\"\n\t\t\t\tdata-wp-class--is-menu-open=\"state.isMenuOpen\"\n\t\t\t\tdata-wp-watch=\"callbacks.initMenu\"\n\t\t\t\tdata-wp-on--keydown=\"actions.handleMenuKeydown\"\n\t\t\t\tdata-wp-on--focusout=\"actions.handleMenuFocusout\"\n\t\t\t\ttabindex=\"-1\"\n\t\t\t>\n\t\t\t\t\t<div class=\"wp-block-navigation__responsive-close\" tabindex=\"-1\">\n\t\t\t\t\t\t<div class=\"wp-block-navigation__responsive-dialog\" \n\t\t\t\tdata-wp-bind--aria-modal=\"state.ariaModal\"\n\t\t\t\tdata-wp-bind--aria-label=\"state.ariaLabel\"\n\t\t\t\tdata-wp-bind--role=\"state.roleAttribute\"\n\t\t\t>\n\t\t\t\t\t\t\t<button aria-label=\"Fermer le menu\" class=\"wp-block-navigation__responsive-container-close\" \n\t\t\t\tdata-wp-on--click=\"actions.closeMenuOnClick\"\n\t\t\t><svg xmlns=\"http:\/\/www.w3.org\/2000\/svg\" viewBox=\"0 0 24 24\" width=\"24\" height=\"24\" aria-hidden=\"true\" focusable=\"false\"><path d=\"m13.06 12 6.47-6.47-1.06-1.06L12 10.94 5.53 4.47 4.47 5.53 10.94 12l-6.47 6.47 1.06 1.06L12 13.06l6.47 6.47 1.06-1.06L13.06 12Z\"><\/path><\/svg><\/button>\n\t\t\t\t\t\t\t<div class=\"wp-block-navigation__responsive-container-content\" \n\t\t\t\tdata-wp-watch=\"callbacks.focusFirstElement\"\n\t\t\t id=\"modal-1-content\">\n\t\t\t\t\t\t\t\t<ul class=\"wp-block-navigation__container is-responsive wp-block-navigation\"><li class=\" wp-block-navigation-item wp-block-navigation-link\"><a class=\"wp-block-navigation-item__content\"  href=\"http:\/\/labonum.com\/?page_id=164\"><span class=\"wp-block-navigation-item__label\">organisation logistique<\/span><\/a><\/li><\/ul>\n\t\t\t\t\t\t\t<\/div>\n\t\t\t\t\t\t<\/div>\n\t\t\t\t\t<\/div>\n\t\t\t\t<\/div><\/nav>\n\n\n<figure class=\"wp-block-image size-large\"><img loading=\"lazy\" decoding=\"async\" width=\"1024\" height=\"683\" src=\"http:\/\/labonum.com\/wp-content\/uploads\/2022\/01\/logo-labonum-1024x683.png\" alt=\"\" class=\"wp-image-39\" srcset=\"http:\/\/labonum.com\/wp-content\/uploads\/2022\/01\/logo-labonum-1024x683.png 1024w, http:\/\/labonum.com\/wp-content\/uploads\/2022\/01\/logo-labonum-300x200.png 300w, http:\/\/labonum.com\/wp-content\/uploads\/2022\/01\/logo-labonum-768x512.png 768w, http:\/\/labonum.com\/wp-content\/uploads\/2022\/01\/logo-labonum-1536x1024.png 1536w, http:\/\/labonum.com\/wp-content\/uploads\/2022\/01\/logo-labonum-2048x1365.png 2048w, http:\/\/labonum.com\/wp-content\/uploads\/2022\/01\/logo-labonum-1200x800.png 1200w, http:\/\/labonum.com\/wp-content\/uploads\/2022\/01\/logo-labonum-1980x1320.png 1980w\" sizes=\"auto, (max-width: 1024px) 100vw, 1024px\" \/><\/figure>\n\n\n\n<h4 class=\"wp-block-heading\">Qui Sommes nous ?<\/h4>\n\n\n\n<p>Cr\u00e9\u00e9 en 2008 par Patrick LAUER, pr\u00e9c\u00e9dent technicien\/formateur minilab, responsable qualit\u00e9\/assurance qualit\u00e9 laboratoire au sein des Laboratoires Fujifilm&nbsp;:<\/p>\n\n\n\n<p><em>\u00ab&nbsp;Avant l\u2019arriv\u00e9 du num\u00e9rique, le r\u00f4le des d\u00e9veloppeurs et surtout des tireurs-filtreurs \u00e9tait fondamentale \u00e0 l\u2019activit\u00e9 du photographe. Plus encore de l\u2019aspect technique, une parfaite compl\u00e9mentarit\u00e9 et confiance entre ce dernier et \u2013son- tireur constituait l\u2019alchimie permettant d\u2019arriver \u00e0 un tirage photographique correspondant avec pr\u00e9cision \u00e0 ses attentes.<\/em><\/p>\n\n\n\n<p><em>Avec l\u2019arriv\u00e9e du num\u00e9rique, le d\u00e9veloppement de la pellicule \u00e0 disparu. L\u2019\u00e9tape de filtrage s\u2019est d\u00e9plac\u00e9e du laboratoire au photographe et \u00e0 pris le nom de post-production. La compl\u00e9mentarit\u00e9 entre le photographe et le tireur reste incontournable. Le r\u00f4le de ce dernier est bien-s\u00fbr de conna\u00eetre le photographe, son environnement, sa fa\u00e7on de travailler, son mat\u00e9riel, mais aussi de parfaitement ma\u00eetriser la sensitom\u00e9trie, la calibration des tireuses, les algorithmes de conversions des profils ICC.<\/em><\/p>\n\n\n\n<p><em>C\u2019est uniquement la r\u00e9union de ces diff\u00e9rents \u00e9l\u00e9ments combin\u00e9s aux meilleurs mat\u00e9riels qui permettra au laboratoire de coucher sur le papier ce que l\u2019artiste a cr\u00e9\u00e9.&nbsp; C&rsquo;est r\u00e9sum\u00e9 la philosophie de Labo&rsquo;Num Images \u00bb<\/em><\/p>\n","protected":false},"excerpt":{"rendered":"<p>Qui Sommes nous ? Cr\u00e9\u00e9 en 2008 par Patrick LAUER, pr\u00e9c\u00e9dent technicien\/formateur minilab, responsable qualit\u00e9\/assurance qualit\u00e9 laboratoire au sein des Laboratoires Fujifilm&nbsp;: \u00ab&nbsp;Avant l\u2019arriv\u00e9 du num\u00e9rique, le r\u00f4le des d\u00e9veloppeurs et surtout des tireurs-filtreurs \u00e9tait fondamentale \u00e0 l\u2019activit\u00e9 du photographe. Plus encore de l\u2019aspect technique, une parfaite compl\u00e9mentarit\u00e9 et confiance entre ce dernier et \u2013son- [&hellip;]<\/p>\n","protected":false},"author":1,"featured_media":0,"parent":0,"menu_order":0,"comment_status":"closed","ping_status":"closed","template":"","meta":{"ngg_post_thumbnail":0,"footnotes":""},"class_list":["post-118","page","type-page","status-publish","hentry"],"_links":{"self":[{"href":"http:\/\/labonum.com\/index.php?rest_route=\/wp\/v2\/pages\/118","targetHints":{"allow":["GET"]}}],"collection":[{"href":"http:\/\/labonum.com\/index.php?rest_route=\/wp\/v2\/pages"}],"about":[{"href":"http:\/\/labonum.com\/index.php?rest_route=\/wp\/v2\/types\/page"}],"author":[{"embeddable":true,"href":"http:\/\/labonum.com\/index.php?rest_route=\/wp\/v2\/users\/1"}],"replies":[{"embeddable":true,"href":"http:\/\/labonum.com\/index.php?rest_route=%2Fwp%2Fv2%2Fcomments&post=118"}],"version-history":[{"count":6,"href":"http:\/\/labonum.com\/index.php?rest_route=\/wp\/v2\/pages\/118\/revisions"}],"predecessor-version":[{"id":212,"href":"http:\/\/labonum.com\/index.php?rest_route=\/wp\/v2\/pages\/118\/revisions\/212"}],"wp:attachment":[{"href":"http:\/\/labonum.com\/index.php?rest_route=%2Fwp%2Fv2%2Fmedia&parent=118"}],"curies":[{"name":"wp","href":"https:\/\/api.w.org\/{rel}","templated":true}]}}