{"id":164,"date":"2022-02-24T16:48:13","date_gmt":"2022-02-24T15:48:13","guid":{"rendered":"http:\/\/labonum.com\/?page_id=164"},"modified":"2023-02-01T17:31:43","modified_gmt":"2023-02-01T16:31:43","slug":"logistique","status":"publish","type":"page","link":"http:\/\/labonum.com\/?page_id=164","title":{"rendered":"organisation logistique"},"content":{"rendered":"\n<div class=\"wp-block-group alignfull has-foreground-color has-text-color has-link-color wp-elements-527a11f1cafcb10ee79a762b38d8fc28 is-layout-constrained wp-block-group-is-layout-constrained\" style=\"padding-top:var(--wp--custom--spacing--small, 1.25rem);padding-bottom:var(--wp--custom--spacing--small, 1.25rem)\">\n<div class=\"wp-block-group alignwide is-content-justification-space-between is-layout-flex wp-container-core-group-is-layout-c3311b41 wp-block-group-is-layout-flex\" style=\"padding-top:0px;padding-right:0px;padding-bottom:0rem;padding-left:0px\"><div class=\"wp-block-site-logo\"><a href=\"http:\/\/labonum.com\/\" class=\"custom-logo-link\" rel=\"home\"><img loading=\"lazy\" decoding=\"async\" width=\"183\" height=\"122\" src=\"http:\/\/labonum.com\/wp-content\/uploads\/2023\/01\/logo-labo.jpg\" class=\"custom-logo\" alt=\"Labonum\" srcset=\"http:\/\/labonum.com\/wp-content\/uploads\/2023\/01\/logo-labo.jpg 945w, http:\/\/labonum.com\/wp-content\/uploads\/2023\/01\/logo-labo-300x200.jpg 300w, http:\/\/labonum.com\/wp-content\/uploads\/2023\/01\/logo-labo-768x512.jpg 768w\" sizes=\"auto, (max-width: 183px) 100vw, 183px\" \/><\/a><\/div>\n\n<nav class=\"is-responsive items-justified-right wp-block-navigation is-content-justification-right is-layout-flex wp-container-core-navigation-is-layout-f665d2b5 wp-block-navigation-is-layout-flex\" \n\t\t data-wp-interactive=\"core\/navigation\" data-wp-context='{\"overlayOpenedBy\":{\"click\":false,\"hover\":false,\"focus\":false},\"type\":\"overlay\",\"roleAttribute\":\"\",\"ariaLabel\":\"Menu\"}'><button aria-haspopup=\"dialog\" aria-label=\"Ouvrir le menu\" class=\"wp-block-navigation__responsive-container-open\" \n\t\t\t\tdata-wp-on--click=\"actions.openMenuOnClick\"\n\t\t\t\tdata-wp-on--keydown=\"actions.handleMenuKeydown\"\n\t\t\t><svg width=\"24\" height=\"24\" xmlns=\"http:\/\/www.w3.org\/2000\/svg\" viewBox=\"0 0 24 24\" aria-hidden=\"true\" focusable=\"false\"><path d=\"M4 7.5h16v1.5H4z\"><\/path><path d=\"M4 15h16v1.5H4z\"><\/path><\/svg><\/button>\n\t\t\t\t<div class=\"wp-block-navigation__responsive-container\"  id=\"modal-1\" \n\t\t\t\tdata-wp-class--has-modal-open=\"state.isMenuOpen\"\n\t\t\t\tdata-wp-class--is-menu-open=\"state.isMenuOpen\"\n\t\t\t\tdata-wp-watch=\"callbacks.initMenu\"\n\t\t\t\tdata-wp-on--keydown=\"actions.handleMenuKeydown\"\n\t\t\t\tdata-wp-on--focusout=\"actions.handleMenuFocusout\"\n\t\t\t\ttabindex=\"-1\"\n\t\t\t>\n\t\t\t\t\t<div class=\"wp-block-navigation__responsive-close\" tabindex=\"-1\">\n\t\t\t\t\t\t<div class=\"wp-block-navigation__responsive-dialog\" \n\t\t\t\tdata-wp-bind--aria-modal=\"state.ariaModal\"\n\t\t\t\tdata-wp-bind--aria-label=\"state.ariaLabel\"\n\t\t\t\tdata-wp-bind--role=\"state.roleAttribute\"\n\t\t\t>\n\t\t\t\t\t\t\t<button aria-label=\"Fermer le menu\" class=\"wp-block-navigation__responsive-container-close\" \n\t\t\t\tdata-wp-on--click=\"actions.closeMenuOnClick\"\n\t\t\t><svg xmlns=\"http:\/\/www.w3.org\/2000\/svg\" viewBox=\"0 0 24 24\" width=\"24\" height=\"24\" aria-hidden=\"true\" focusable=\"false\"><path d=\"m13.06 12 6.47-6.47-1.06-1.06L12 10.94 5.53 4.47 4.47 5.53 10.94 12l-6.47 6.47 1.06 1.06L12 13.06l6.47 6.47 1.06-1.06L13.06 12Z\"><\/path><\/svg><\/button>\n\t\t\t\t\t\t\t<div class=\"wp-block-navigation__responsive-container-content\" \n\t\t\t\tdata-wp-watch=\"callbacks.focusFirstElement\"\n\t\t\t id=\"modal-1-content\">\n\t\t\t\t\t\t\t\t<ul class=\"wp-block-navigation__container is-responsive items-justified-right wp-block-navigation\"><ul class=\"wp-block-page-list\"><li class=\"wp-block-pages-list__item wp-block-navigation-item open-on-hover-click\"><a class=\"wp-block-pages-list__item__link wp-block-navigation-item__content\" href=\"http:\/\/labonum.com\/?page_id=118\">A propos<\/a><\/li><li class=\"wp-block-pages-list__item wp-block-navigation-item open-on-hover-click\"><a class=\"wp-block-pages-list__item__link wp-block-navigation-item__content\" href=\"http:\/\/labonum.com\/?page_id=9\">Contact<\/a><\/li><li class=\"wp-block-pages-list__item wp-block-navigation-item open-on-hover-click menu-item-home\"><a class=\"wp-block-pages-list__item__link wp-block-navigation-item__content\" href=\"http:\/\/labonum.com\/\">home<\/a><\/li><li class=\"wp-block-pages-list__item wp-block-navigation-item open-on-hover-click\"><a class=\"wp-block-pages-list__item__link wp-block-navigation-item__content\" href=\"http:\/\/labonum.com\/?page_id=529\">Livres albums<\/a><\/li><li class=\"wp-block-pages-list__item wp-block-navigation-item open-on-hover-click\"><a class=\"wp-block-pages-list__item__link wp-block-navigation-item__content\" href=\"http:\/\/labonum.com\/?page_id=164\">organisation logistique<\/a><\/li><li class=\"wp-block-pages-list__item wp-block-navigation-item open-on-hover-click\"><a class=\"wp-block-pages-list__item__link wp-block-navigation-item__content\" href=\"http:\/\/labonum.com\/?page_id=458\">Photo d&rsquo;identit\u00e9 ANTS<\/a><\/li><li class=\"wp-block-pages-list__item wp-block-navigation-item open-on-hover-click\"><a class=\"wp-block-pages-list__item__link wp-block-navigation-item__content\" href=\"http:\/\/labonum.com\/?page_id=230\">Photo scolaire<\/a><\/li><li class=\"wp-block-pages-list__item wp-block-navigation-item open-on-hover-click\"><a class=\"wp-block-pages-list__item__link wp-block-navigation-item__content\" href=\"http:\/\/labonum.com\/?page_id=440\">Photobooth<\/a><\/li><li class=\"wp-block-pages-list__item wp-block-navigation-item open-on-hover-click\"><a class=\"wp-block-pages-list__item__link wp-block-navigation-item__content\" href=\"http:\/\/labonum.com\/?page_id=698\">R\u00e9servation photobooth<\/a><\/li><li class=\"wp-block-pages-list__item wp-block-navigation-item open-on-hover-click\"><a class=\"wp-block-pages-list__item__link wp-block-navigation-item__content\" href=\"http:\/\/labonum.com\/?page_id=268\">Transfert vid\u00e9o<\/a><\/li><\/ul><\/ul>\n\t\t\t\t\t\t\t<\/div>\n\t\t\t\t\t\t<\/div>\n\t\t\t\t\t<\/div>\n\t\t\t\t<\/div><\/nav><\/div>\n<\/div>\n\n\n\n<figure class=\"wp-block-image size-large is-resized\"><img loading=\"lazy\" decoding=\"async\" src=\"http:\/\/labonum.com\/wp-content\/uploads\/2022\/02\/ORGA-LOGISTIQUE-768x1024.png\" alt=\"\" class=\"wp-image-174\" width=\"651\" height=\"867\" srcset=\"http:\/\/labonum.com\/wp-content\/uploads\/2022\/02\/ORGA-LOGISTIQUE-768x1024.png 768w, http:\/\/labonum.com\/wp-content\/uploads\/2022\/02\/ORGA-LOGISTIQUE-225x300.png 225w, http:\/\/labonum.com\/wp-content\/uploads\/2022\/02\/ORGA-LOGISTIQUE-1152x1536.png 1152w, http:\/\/labonum.com\/wp-content\/uploads\/2022\/02\/ORGA-LOGISTIQUE-1536x2048.png 1536w\" sizes=\"auto, (max-width: 651px) 100vw, 651px\" \/><\/figure>\n\n\n\n<p>Vous \u00eates un professionnel de l&rsquo;image, photographe.<\/p>\n\n\n\n<p>Il est fondamental que vos travaux vous parviennent dans les meilleurs conditions. C&rsquo;est pourquoi nous disposons d&rsquo;un partenariat avec un transporteur capable de livrer en 24 heures partout en France. Les produits circulent dans des malles rigides, parfaitement trac\u00e9es.<br><br>L&rsquo;acheminement des commandes se divise en deux cat\u00e9gories :<br><br>     &#8211; les ordres num\u00e9riques :<br><br>Vous disposez d&rsquo;un acc\u00e8s s\u00e9curis\u00e9 sur notre serveur. Vous envoyez vos commandes via une connexion FTP.  Les commandes trait\u00e9es vous sont livr\u00e9es par notre transporteur.<br><br>   &#8211; les ordres argentiques :<br><br>Vous les envoyez dans les malles de retour au laboratoire. Une fois trait\u00e9es, elles sont livr\u00e9es avec les ordres num\u00e9riques.<br><br><\/p>\n\n\n\n<p><\/p>\n","protected":false},"excerpt":{"rendered":"<p>Vous \u00eates un professionnel de l&rsquo;image, photographe. Il est fondamental que vos travaux vous parviennent dans les meilleurs conditions. C&rsquo;est pourquoi nous disposons d&rsquo;un partenariat avec un transporteur capable de livrer en 24 heures partout en France. Les produits circulent dans des malles rigides, parfaitement trac\u00e9es. L&rsquo;acheminement des commandes se divise en deux cat\u00e9gories : [&hellip;]<\/p>\n","protected":false},"author":1,"featured_media":0,"parent":0,"menu_order":0,"comment_status":"closed","ping_status":"closed","template":"","meta":{"ngg_post_thumbnail":0,"footnotes":""},"class_list":["post-164","page","type-page","status-publish","hentry"],"_links":{"self":[{"href":"http:\/\/labonum.com\/index.php?rest_route=\/wp\/v2\/pages\/164","targetHints":{"allow":["GET"]}}],"collection":[{"href":"http:\/\/labonum.com\/index.php?rest_route=\/wp\/v2\/pages"}],"about":[{"href":"http:\/\/labonum.com\/index.php?rest_route=\/wp\/v2\/types\/page"}],"author":[{"embeddable":true,"href":"http:\/\/labonum.com\/index.php?rest_route=\/wp\/v2\/users\/1"}],"replies":[{"embeddable":true,"href":"http:\/\/labonum.com\/index.php?rest_route=%2Fwp%2Fv2%2Fcomments&post=164"}],"version-history":[{"count":11,"href":"http:\/\/labonum.com\/index.php?rest_route=\/wp\/v2\/pages\/164\/revisions"}],"predecessor-version":[{"id":402,"href":"http:\/\/labonum.com\/index.php?rest_route=\/wp\/v2\/pages\/164\/revisions\/402"}],"wp:attachment":[{"href":"http:\/\/labonum.com\/index.php?rest_route=%2Fwp%2Fv2%2Fmedia&parent=164"}],"curies":[{"name":"wp","href":"https:\/\/api.w.org\/{rel}","templated":true}]}}