{"id":250,"date":"2023-01-31T17:16:01","date_gmt":"2023-01-31T16:16:01","guid":{"rendered":"http:\/\/labonum.com\/?page_id=250"},"modified":"2025-01-01T19:35:32","modified_gmt":"2025-01-01T18:35:32","slug":"home-bis","status":"publish","type":"page","link":"http:\/\/labonum.com\/","title":{"rendered":"home"},"content":{"rendered":"\n<div class=\"wp-block-group alignfull has-foreground-color has-text-color has-link-color wp-elements-54a451429b239ac25ad6ab6611028c00 is-layout-constrained wp-block-group-is-layout-constrained\" style=\"padding-top:var(--wp--custom--spacing--small, 1.25rem);padding-bottom:var(--wp--custom--spacing--small, 1.25rem)\">\n<div class=\"wp-block-group alignwide is-content-justification-space-between is-layout-flex wp-container-core-group-is-layout-c3311b41 wp-block-group-is-layout-flex\" style=\"padding-top:0px;padding-right:0px;padding-bottom:0rem;padding-left:0px\"><nav class=\"is-responsive items-justified-right wp-block-navigation is-content-justification-right is-layout-flex wp-container-core-navigation-is-layout-f665d2b5 wp-block-navigation-is-layout-flex\" aria-label=\"Navigation 10\" \n\t\t data-wp-interactive=\"core\/navigation\" data-wp-context='{\"overlayOpenedBy\":{\"click\":false,\"hover\":false,\"focus\":false},\"type\":\"overlay\",\"roleAttribute\":\"\",\"ariaLabel\":\"Menu\"}'><button aria-haspopup=\"dialog\" aria-label=\"Ouvrir le menu\" class=\"wp-block-navigation__responsive-container-open\" \n\t\t\t\tdata-wp-on--click=\"actions.openMenuOnClick\"\n\t\t\t\tdata-wp-on--keydown=\"actions.handleMenuKeydown\"\n\t\t\t><svg width=\"24\" height=\"24\" xmlns=\"http:\/\/www.w3.org\/2000\/svg\" viewBox=\"0 0 24 24\" aria-hidden=\"true\" focusable=\"false\"><path d=\"M4 7.5h16v1.5H4z\"><\/path><path d=\"M4 15h16v1.5H4z\"><\/path><\/svg><\/button>\n\t\t\t\t<div class=\"wp-block-navigation__responsive-container\"  id=\"modal-1\" \n\t\t\t\tdata-wp-class--has-modal-open=\"state.isMenuOpen\"\n\t\t\t\tdata-wp-class--is-menu-open=\"state.isMenuOpen\"\n\t\t\t\tdata-wp-watch=\"callbacks.initMenu\"\n\t\t\t\tdata-wp-on--keydown=\"actions.handleMenuKeydown\"\n\t\t\t\tdata-wp-on--focusout=\"actions.handleMenuFocusout\"\n\t\t\t\ttabindex=\"-1\"\n\t\t\t>\n\t\t\t\t\t<div class=\"wp-block-navigation__responsive-close\" tabindex=\"-1\">\n\t\t\t\t\t\t<div class=\"wp-block-navigation__responsive-dialog\" \n\t\t\t\tdata-wp-bind--aria-modal=\"state.ariaModal\"\n\t\t\t\tdata-wp-bind--aria-label=\"state.ariaLabel\"\n\t\t\t\tdata-wp-bind--role=\"state.roleAttribute\"\n\t\t\t>\n\t\t\t\t\t\t\t<button aria-label=\"Fermer le menu\" class=\"wp-block-navigation__responsive-container-close\" \n\t\t\t\tdata-wp-on--click=\"actions.closeMenuOnClick\"\n\t\t\t><svg xmlns=\"http:\/\/www.w3.org\/2000\/svg\" viewBox=\"0 0 24 24\" width=\"24\" height=\"24\" aria-hidden=\"true\" focusable=\"false\"><path d=\"m13.06 12 6.47-6.47-1.06-1.06L12 10.94 5.53 4.47 4.47 5.53 10.94 12l-6.47 6.47 1.06 1.06L12 13.06l6.47 6.47 1.06-1.06L13.06 12Z\"><\/path><\/svg><\/button>\n\t\t\t\t\t\t\t<div class=\"wp-block-navigation__responsive-container-content\" \n\t\t\t\tdata-wp-watch=\"callbacks.focusFirstElement\"\n\t\t\t id=\"modal-1-content\">\n\t\t\t\t\t\t\t\t<ul class=\"wp-block-navigation__container is-responsive items-justified-right wp-block-navigation\"><li class=\" wp-block-navigation-item wp-block-navigation-link\"><a class=\"wp-block-navigation-item__content\"  href=\"http:\/\/labonum.com\/?page_id=118\"><span class=\"wp-block-navigation-item__label\">A propos<\/span><\/a><\/li><li class=\" wp-block-navigation-item wp-block-navigation-link\"><a class=\"wp-block-navigation-item__content\"  href=\"http:\/\/labonum.com\/?page_id=9\"><span class=\"wp-block-navigation-item__label\">Contact<\/span><\/a><\/li><li class=\" wp-block-navigation-item wp-block-navigation-link\"><a class=\"wp-block-navigation-item__content\"  href=\"http:\/\/labonum.com\/\"><span class=\"wp-block-navigation-item__label\">home<\/span><\/a><\/li><li class=\" wp-block-navigation-item wp-block-navigation-link\"><a class=\"wp-block-navigation-item__content\"  href=\"http:\/\/labonum.com\/?page_id=529\"><span class=\"wp-block-navigation-item__label\">Livres albums<\/span><\/a><\/li><li class=\" wp-block-navigation-item wp-block-navigation-link\"><a class=\"wp-block-navigation-item__content\"  href=\"http:\/\/labonum.com\/?page_id=164\"><span class=\"wp-block-navigation-item__label\">organisation logistique<\/span><\/a><\/li><li class=\" wp-block-navigation-item wp-block-navigation-link\"><a class=\"wp-block-navigation-item__content\"  href=\"http:\/\/labonum.com\/?page_id=458\"><span class=\"wp-block-navigation-item__label\">Photo d&rsquo;identit\u00e9 ANTS<\/span><\/a><\/li><li class=\" wp-block-navigation-item wp-block-navigation-link\"><a class=\"wp-block-navigation-item__content\"  href=\"http:\/\/labonum.com\/?page_id=230\"><span class=\"wp-block-navigation-item__label\">Photo scolaire<\/span><\/a><\/li><li class=\" wp-block-navigation-item wp-block-navigation-link\"><a class=\"wp-block-navigation-item__content\"  href=\"http:\/\/labonum.com\/?page_id=440\"><span class=\"wp-block-navigation-item__label\">Photobooth<\/span><\/a><\/li><li class=\" wp-block-navigation-item wp-block-navigation-link\"><a class=\"wp-block-navigation-item__content\"  href=\"http:\/\/labonum.com\/?page_id=268\"><span class=\"wp-block-navigation-item__label\">Transfert vid\u00e9o<\/span><\/a><\/li><\/ul>\n\t\t\t\t\t\t\t<\/div>\n\t\t\t\t\t\t<\/div>\n\t\t\t\t\t<\/div>\n\t\t\t\t<\/div><\/nav><\/div>\n<\/div>\n\n\n\n<div class=\"wp-block-group alignfull has-foreground-color has-text-color has-link-color wp-elements-497bdd9e2f21b32eaa279e47bdc480f3 is-layout-constrained wp-block-group-is-layout-constrained\" style=\"padding-top:6rem;padding-bottom:4rem\">\n<div class=\"wp-block-columns alignwide is-layout-flex wp-container-core-columns-is-layout-28f84493 wp-block-columns-is-layout-flex\">\n<div class=\"wp-block-column is-layout-flow wp-block-column-is-layout-flow\" style=\"flex-basis:100%\">\n<div class=\"wp-block-columns is-layout-flex wp-container-core-columns-is-layout-28f84493 wp-block-columns-is-layout-flex\">\n<div class=\"wp-block-column is-vertically-aligned-center is-layout-flow wp-block-column-is-layout-flow\">\n<div class=\"wp-block-columns is-layout-flex wp-container-core-columns-is-layout-28f84493 wp-block-columns-is-layout-flex\">\n<div class=\"wp-block-column is-layout-flow wp-block-column-is-layout-flow\">\n<figure class=\"wp-block-image alignleft size-large is-resized\"><img loading=\"lazy\" decoding=\"async\" width=\"1024\" height=\"683\" src=\"http:\/\/labonum.com\/wp-content\/uploads\/2022\/01\/logo-labonum-1024x683.png\" alt=\"\" class=\"wp-image-39\" style=\"width:430px;height:287px\" srcset=\"http:\/\/labonum.com\/wp-content\/uploads\/2022\/01\/logo-labonum-1024x683.png 1024w, http:\/\/labonum.com\/wp-content\/uploads\/2022\/01\/logo-labonum-300x200.png 300w, http:\/\/labonum.com\/wp-content\/uploads\/2022\/01\/logo-labonum-768x512.png 768w, http:\/\/labonum.com\/wp-content\/uploads\/2022\/01\/logo-labonum-1536x1024.png 1536w, http:\/\/labonum.com\/wp-content\/uploads\/2022\/01\/logo-labonum-2048x1365.png 2048w, http:\/\/labonum.com\/wp-content\/uploads\/2022\/01\/logo-labonum-1200x800.png 1200w, http:\/\/labonum.com\/wp-content\/uploads\/2022\/01\/logo-labonum-1980x1320.png 1980w\" sizes=\"auto, (max-width: 1024px) 100vw, 1024px\" \/><\/figure>\n<\/div>\n\n\n\n<div class=\"wp-block-column is-layout-flow wp-block-column-is-layout-flow\" style=\"padding-top:0;padding-right:0;padding-bottom:0;padding-left:0\">\n\t\t<!-- MasterSlider -->\n\t\t<div id=\"P_MS69e02fb0e7e61\" class=\"master-slider-parent msl ms-parent-id-1\" style=\"max-width:800px;\">\n\n\t\t\t\n\t\t\t<!-- MasterSlider Main -->\n\t\t\t<div id=\"MS69e02fb0e7e61\" class=\"master-slider ms-skin-light-3\" >\n\t\t\t\t \t\t\t\t \n\t\t\t\t<div  class=\"ms-slide\" data-delay=\"2\" data-fill-mode=\"fill\"  >\n\t\t\t\t\t<img decoding=\"async\" src=\"http:\/\/labonum.com\/wp-content\/plugins\/master-slider\/public\/assets\/css\/blank.gif\" alt=\"\" title=\"\" data-src=\"http:\/\/labonum.com\/wp-content\/uploads\/2023\/01\/num-video-1.jpg\" \/>\n\t<a href=\"http:\/\/labonum.com\/?page_id=268\" target=\"_blank\"    ><\/a>\n\n\n\t<div class=\"ms-thumb\" ><div class=\"ms-tab-context\"><div class=\"&quot;ms-tab-context&quot;\"><\/div><\/div>\n<\/div>\n\t\t\t\t<\/div>\n\t\t\t\t<div  class=\"ms-slide\" data-delay=\"2\" data-fill-mode=\"fill\"  >\n\t\t\t\t\t<img decoding=\"async\" src=\"http:\/\/labonum.com\/wp-content\/plugins\/master-slider\/public\/assets\/css\/blank.gif\" alt=\"\" title=\"\" data-src=\"http:\/\/labonum.com\/wp-content\/uploads\/2023\/01\/num-negas.jpg\" \/>\n\t<a href=\"http:\/\/labonum.com\/?page_id=268\"     ><\/a>\n\n\n\t<div class=\"ms-thumb\" ><div class=\"ms-tab-context\"><div class=\"&quot;ms-tab-context&quot;\"><\/div><\/div>\n<\/div>\n\t\t\t\t<\/div>\n\t\t\t\t<div  class=\"ms-slide\" data-delay=\"2\" data-fill-mode=\"fill\"  >\n\t\t\t\t\t<img decoding=\"async\" src=\"http:\/\/labonum.com\/wp-content\/plugins\/master-slider\/public\/assets\/css\/blank.gif\" alt=\"\" title=\"\" data-src=\"http:\/\/labonum.com\/wp-content\/uploads\/2023\/02\/photobooth.jpg\" \/>\n\t<a href=\"http:\/\/labonum.com\/?page_id=440\"     ><\/a>\n\n\n\t<div class=\"ms-thumb\" ><div class=\"ms-tab-context\"><div class=\"&quot;ms-tab-context&quot;\"><\/div><\/div>\n<\/div>\n\t\t\t\t<\/div>\n\t\t\t\t<div  class=\"ms-slide\" data-delay=\"2\" data-fill-mode=\"fill\"  >\n\t\t\t\t\t<img decoding=\"async\" src=\"http:\/\/labonum.com\/wp-content\/plugins\/master-slider\/public\/assets\/css\/blank.gif\" alt=\"\" title=\"\" data-src=\"http:\/\/labonum.com\/wp-content\/uploads\/2023\/02\/ants.jpg\" \/>\n\t<a href=\"http:\/\/labonum.com\/?page_id=458\"     ><\/a>\n\n\n\t<div class=\"ms-thumb\" ><div class=\"ms-tab-context\"><div class=\"&quot;ms-tab-context&quot;\"><\/div><\/div>\n<\/div>\n\t\t\t\t<\/div>\n\t\t\t\t<div  class=\"ms-slide\" data-delay=\"2\" data-fill-mode=\"fill\"  >\n\t\t\t\t\t<img decoding=\"async\" src=\"http:\/\/labonum.com\/wp-content\/plugins\/master-slider\/public\/assets\/css\/blank.gif\" alt=\"\" title=\"\" data-src=\"http:\/\/labonum.com\/wp-content\/uploads\/2023\/03\/dnp-slider.jpg\" \/>\n\n\n\t<div class=\"ms-thumb\" ><div class=\"ms-tab-context\"><div class=\"&quot;ms-tab-context&quot;\"><\/div><\/div>\n<\/div>\n\t\t\t\t<\/div>\n\t\t\t\t<div  class=\"ms-slide\" data-delay=\"2\" data-fill-mode=\"fill\"  >\n\t\t\t\t\t<img decoding=\"async\" src=\"http:\/\/labonum.com\/wp-content\/plugins\/master-slider\/public\/assets\/css\/blank.gif\" alt=\"\" title=\"\" data-src=\"http:\/\/labonum.com\/wp-content\/uploads\/2023\/07\/LA-pro.jpg\" \/>\n\t<a href=\"http:\/\/labonum.com\/?page_id=529\"     ><\/a>\n\n\n\t<div class=\"ms-thumb\" ><div class=\"ms-tab-context\"><div class=\"&quot;ms-tab-context&quot;\"><\/div><\/div>\n<\/div>\n\t\t\t\t<\/div>\n\n\t\t\t<\/div>\n\t\t\t<!-- END MasterSlider Main -->\n\n\t\t\t \n\t\t<\/div>\n\t\t<!-- END MasterSlider -->\n\n\t\t<script>\n\t\t(function ( $ ) {\n\t\t\t\"use strict\";\n\n\t\t\t$(function () {\n\t\t\t\tvar masterslider_7e61 = new MasterSlider();\n\n\t\t\t\t\/\/ slider controls\n\t\t\t\tmasterslider_7e61.control('arrows'     ,{ autohide:true, overVideo:true  });\t\t\t\tmasterslider_7e61.control('bullets'    ,{ autohide:true, overVideo:true, dir:'h', align:'bottom' , margin:10  });\n\n\t\t\t\tmasterslider_7e61.control('circletimer',{ autohide:true, overVideo:false, color:'#434343', radius:10, stroke:3   });\n\t\t\t\tmasterslider_7e61.control('timebar'    ,{ autohide:true, overVideo:false, align:'bottom', color:'#FFFFFF'  , width:4 });\n\t\t\t\t\/\/ slider setup\n\t\t\t\tmasterslider_7e61.setup(\"MS69e02fb0e7e61\", {\n\t\t\t\t\t\twidth           : 1920,\n\t\t\t\t\t\theight          : 960,\n\t\t\t\t\t\tminHeight       : 0,\n\t\t\t\t\t\tspace           : 0,\n\t\t\t\t\t\tstart           : 1,\n\t\t\t\t\t\tgrabCursor      : true,\n\t\t\t\t\t\tswipe           : false,\n\t\t\t\t\t\tmouse           : true,\n\t\t\t\t\t\tlayout          : \"boxed\",\n\t\t\t\t\t\twheel           : false,\n\t\t\t\t\t\tautoplay        : true,\n\t\t\t\t\t\tinstantStartLayers:false,\n\t\t\t\t\t\tloop            : true,\n\t\t\t\t\t\tshuffle         : false,\n\t\t\t\t\t\tpreload         : 0,\n\t\t\t\t\t\theightLimit     : true,\n\t\t\t\t\t\tautoHeight      : false,\n\t\t\t\t\t\tsmoothHeight    : true,\n\t\t\t\t\t\tendPause        : false,\n\t\t\t\t\t\toverPause       : true,\n\t\t\t\t\t\tfillMode        : \"fill\",\n\t\t\t\t\t\tcenterControls  : true,\n\t\t\t\t\t\tstartOnAppear   : false,\n\t\t\t\t\t\tlayersMode      : \"center\",\n\t\t\t\t\t\thideLayers      : false,\n\t\t\t\t\t\tfullscreenMargin: 0,\n\t\t\t\t\t\tspeed           : 20,\n\t\t\t\t\t\tdir             : \"h\",\n\t\t\t\t\t\tparallaxMode    : 'swipe',\n\t\t\t\t\t\tview            : \"basic\"\n\t\t\t\t});\n\n\t\t\t\t\n\t\t\t\twindow.masterslider_instances = window.masterslider_instances || [];\n\t\t\t\twindow.masterslider_instances.push( masterslider_7e61 );\n\t\t\t });\n\n\t\t})(jQuery);\n\t\t<\/script>\n\n\n<\/div>\n<\/div>\n<\/div>\n<\/div>\n<\/div>\n<\/div>\n\n\n\n<p><\/p>\n\n\n\n<h2 class=\"wp-block-heading\">Laboratoire de d\u00e9veloppement photographique professionnel<\/h2>\n<\/div>\n\n\n\n<pre class=\"wp-block-preformatted\">Rue Guillaume Schoettke - ZI du Grand Bois - 57200 Sarreguemines<br>             T\u00e9l. 03.87.28.01.75  photo@labonum.com <br>         Ouvert sur RDV du lundi au samedi de 7H00 \u00e0 19H00<br>    <\/pre>\n\n\n\n<div class=\"wp-block-columns is-layout-flex wp-container-core-columns-is-layout-28f84493 wp-block-columns-is-layout-flex\">\n<div class=\"wp-block-column is-layout-flow wp-block-column-is-layout-flow\"><\/div>\n\n\n\n<div class=\"wp-block-column is-layout-flow wp-block-column-is-layout-flow\"><\/div>\n<\/div>\n\n\n\n<hr class=\"wp-block-separator has-text-color has-alpha-channel-opacity has-background is-style-wide\" style=\"background-color:#bcca2f;color:#bcca2f\"\/>\n\n\n\n<div class=\"wp-block-group is-layout-constrained wp-block-group-is-layout-constrained\">\n<div class=\"wp-block-group is-layout-constrained wp-block-group-is-layout-constrained\">\n<div class=\"wp-block-columns is-layout-flex wp-container-core-columns-is-layout-28f84493 wp-block-columns-is-layout-flex\">\n<div class=\"wp-block-column is-layout-flow wp-block-column-is-layout-flow\">\n<div class=\"wp-block-columns is-layout-flex wp-container-core-columns-is-layout-28f84493 wp-block-columns-is-layout-flex\">\n<div class=\"wp-block-column is-layout-flow wp-block-column-is-layout-flow\">\n<ul class=\"wp-block-list\">\n<li>D\u00e9veloppement et tirages photographiques argentiques et num\u00e9riques<\/li>\n\n\n\n<li>Num\u00e9risation de films argentiques n\u00e9gatifs et diapositives<\/li>\n\n\n\n<li><a href=\"http:\/\/labonum.com\/?page_id=268\" data-type=\"URL\" data-id=\"http:\/\/labonum.com\/?page_id=268\">Num\u00e9risation et transfert vid\u00e9o<\/a><\/li>\n\n\n\n<li><a href=\"http:\/\/labonum.com\/?page_id=440\" target=\"_blank\" rel=\"noreferrer noopener\">Location de photobooth \/ borne \u00e0 selphie<\/a><\/li>\n\n\n\n<li><a href=\"http:\/\/labonum.com\/?page_id=230\" data-type=\"URL\" data-id=\"http:\/\/labonum.com\/?page_id=230\">Photographie scolaire<\/a><\/li>\n\n\n\n<li><a href=\"http:\/\/labonum.com\/?page_id=458\" target=\"_blank\" rel=\"noreferrer noopener\">Photos d&rsquo;identit\u00e9s normes ANT<\/a>S<\/li>\n\n\n\n<li>Reproduction et num\u00e9risation d&rsquo;art<\/li>\n\n\n\n<li>Retouches \/ restauration \/ colorisation<\/li>\n\n\n\n<li>Prises de vues<\/li>\n\n\n\n<li>Vid\u00e9os<\/li>\n\n\n\n<li>Photos et vid\u00e9os a\u00e9riennes<\/li>\n\n\n\n<li><a href=\"http:\/\/labonum.com\/?page_id=529\">R\u00e9alisation et conception de livres albums luxe<\/a><\/li>\n<\/ul>\n<\/div>\n\n\n\n<div class=\"wp-block-column is-layout-flow wp-block-column-is-layout-flow\">\n<iframe src=\"https:\/\/www.google.com\/maps\/embed?pb=!1m18!1m12!1m3!1d2611.9468274457117!2d7.1039932158600525!3d49.106650591147854!2m3!1f0!2f0!3f0!3m2!1i1024!2i768!4f13.1!3m3!1m2!1s0x479434ff5a4041f9%3A0xd0fba38bf53960e3!2s2%20Rue%20Guillaume%20Schoettk%C3%A9%2C%2057200%20Sarreguemines!5e0!3m2!1sfr!2sfr!4v1675183262653!5m2!1sfr!2sfr\" style=\"border:0;\" allowfullscreen=\"\" loading=\"lazy\" referrerpolicy=\"no-referrer-when-downgrade\" width=\"360\" height=\"450\"><\/iframe>\n<\/div>\n<\/div>\n<\/div>\n<\/div>\n<\/div>\n<\/div>\n\n\n\n<div class=\"wp-block-group is-layout-constrained wp-block-group-is-layout-constrained\">\n<hr class=\"wp-block-separator has-text-color has-alpha-channel-opacity has-background is-style-wide\" style=\"background-color:#bcca2f;color:#bcca2f\"\/>\n<\/div>\n\n\n\n<h2 class=\"wp-block-heading has-text-align-center\"><strong>Nouveaut\u00e9 &#8211; \u00e0 la une<\/strong><\/h2>\n\n\n\n<h3 class=\"wp-block-heading\">Des images pour les professionnels<\/h3>\n\n\n\n<figure class=\"wp-block-embed is-type-video is-provider-youtube wp-block-embed-youtube wp-embed-aspect-16-9 wp-has-aspect-ratio\"><div class=\"wp-block-embed__wrapper\">\n<iframe loading=\"lazy\" title=\"Construction d&#039;une maison &quot;ClickHouse&quot; en timelaps.\" width=\"500\" height=\"281\" src=\"https:\/\/www.youtube.com\/embed\/Ql28s67FrfU?feature=oembed\" frameborder=\"0\" allow=\"accelerometer; autoplay; clipboard-write; encrypted-media; gyroscope; picture-in-picture; web-share\" referrerpolicy=\"strict-origin-when-cross-origin\" allowfullscreen><\/iframe>\n<\/div><figcaption class=\"wp-element-caption\">Professionnels, vous avez besoin d&rsquo;images pour promouvoir vos produits, contactez-nous ! En exemple, un timelapse r\u00e9alis\u00e9 en deux jours pour une vid\u00e9o de 4&rsquo;40, le r\u00e9sultat \u00e0 la fin&#8230;<\/figcaption><\/figure>\n\n\n\n<h3 class=\"wp-block-heading has-text-align-center has-text-color\" style=\"color:#000000\"><a href=\"http:\/\/labonum.com\/?page_id=529\" data-type=\"URL\" data-id=\"http:\/\/labonum.com\/?page_id=529\">Livre album couverture lin<\/a><\/h3>\n\n\n\n<div class=\"wp-block-media-text alignfull is-stacked-on-mobile is-vertically-aligned-center\"><figure class=\"wp-block-media-text__media\"><img loading=\"lazy\" decoding=\"async\" width=\"1024\" height=\"1024\" src=\"http:\/\/labonum.com\/wp-content\/uploads\/2023\/07\/couv-lin-1024x1024.jpg\" alt=\"\" class=\"wp-image-606 size-full\" srcset=\"http:\/\/labonum.com\/wp-content\/uploads\/2023\/07\/couv-lin-1024x1024.jpg 1024w, http:\/\/labonum.com\/wp-content\/uploads\/2023\/07\/couv-lin-300x300.jpg 300w, http:\/\/labonum.com\/wp-content\/uploads\/2023\/07\/couv-lin-150x150.jpg 150w, http:\/\/labonum.com\/wp-content\/uploads\/2023\/07\/couv-lin-768x768.jpg 768w, http:\/\/labonum.com\/wp-content\/uploads\/2023\/07\/couv-lin-1536x1536.jpg 1536w, http:\/\/labonum.com\/wp-content\/uploads\/2023\/07\/couv-lin-2048x2048.jpg 2048w\" sizes=\"auto, (max-width: 1024px) 100vw, 1024px\" \/><\/figure><div class=\"wp-block-media-text__content\">\n<p class=\"has-text-align-center has-extra-small-font-size\">En accord avec le th\u00e8me tr\u00e8s tendance \u00ab\u00a0Boh\u00e8me Chic\u00a0\u00bb des mariages, nous avons con\u00e7u une couverture en lin avec l&rsquo;incrustation d&rsquo;une plaque en aluminium. <\/p>\n\n\n\n<p class=\"has-text-align-center has-extra-small-font-size\">Toujours une conception et r\u00e9alisation 100% Labonum&rsquo;Images.<\/p>\n<\/div><\/div>\n\n\n\n<div class=\"wp-block-group is-layout-constrained wp-block-group-is-layout-constrained\">\n<hr class=\"wp-block-separator has-text-color has-alpha-channel-opacity has-background is-style-wide\" style=\"background-color:#bcca2f;color:#bcca2f\"\/>\n<\/div>\n\n\n\n<h3 class=\"wp-block-heading has-text-align-center\"><a href=\"http:\/\/labonum.com\/?page_id=529\">Les livres albums luxe<\/a><\/h3>\n\n\n\n<div class=\"wp-block-media-text alignfull is-stacked-on-mobile is-vertically-aligned-center\"><figure class=\"wp-block-media-text__media\"><a href=\"http:\/\/labonum.com\/?page_id=529\"><img loading=\"lazy\" decoding=\"async\" width=\"512\" height=\"1024\" src=\"http:\/\/labonum.com\/wp-content\/uploads\/2023\/04\/demo-30X40H-sRGB-512x1024.jpg\" alt=\"\" class=\"wp-image-523 size-full\" srcset=\"http:\/\/labonum.com\/wp-content\/uploads\/2023\/04\/demo-30X40H-sRGB-512x1024.jpg 512w, http:\/\/labonum.com\/wp-content\/uploads\/2023\/04\/demo-30X40H-sRGB-150x300.jpg 150w, http:\/\/labonum.com\/wp-content\/uploads\/2023\/04\/demo-30X40H-sRGB-768x1536.jpg 768w, http:\/\/labonum.com\/wp-content\/uploads\/2023\/04\/demo-30X40H-sRGB-1024x2048.jpg 1024w, http:\/\/labonum.com\/wp-content\/uploads\/2023\/04\/demo-30X40H-sRGB-scaled.jpg 1280w\" sizes=\"auto, (max-width: 512px) 100vw, 512px\" \/><\/a><\/figure><div class=\"wp-block-media-text__content\">\n<h3 class=\"wp-block-heading has-text-align-center has-text-color\" style=\"color:#000000\">Le livre luxe bi-color<\/h3>\n\n\n\n<p class=\"has-text-align-center has-extra-small-font-size\">Une r\u00e9alisation et conception 100% Labo&rsquo;Num Images<\/p>\n\n\n\n<p>Destin\u00e9e aux professionnels, notre gamme de livres luxes sont con\u00e7us en collaboration avec nos clients.<\/p>\n\n\n\n<p>Cet exemple : livre paysage 30X40 accompagn\u00e9 de deux livres identiques en 15X20, bloc papier photo ouverture \u00e0 180\u00b0, couverture simili cuir noir pour l&rsquo;arri\u00e8re et la tranche, simili cuir blanc avec incrustation plaque aluminium personnalis\u00e9e sur le devant.<\/p>\n\n\n\n<p>Pour les mariages, communions, naissances, du 10X10 au 30X40, au format carr\u00e9, horizontal ou vertical, couleurs aux choix, nous les r\u00e9alisons selon vos envies.<\/p>\n\n\n\n<p><\/p>\n<\/div><\/div>\n\n\n\n<hr class=\"wp-block-separator has-text-color has-alpha-channel-opacity has-background is-style-wide\" style=\"background-color:#bcca2f;color:#bcca2f\"\/>\n\n\n\n<div class=\"wp-block-media-text alignfull is-stacked-on-mobile is-vertically-aligned-center\"><figure class=\"wp-block-media-text__media\"><img decoding=\"async\" src=\"http:\/\/labonum.com\/wp-content\/uploads\/2023\/03\/kisque.jpg\" alt=\"\" class=\"wp-image-504 size-full\"\/><\/figure><div class=\"wp-block-media-text__content\">\n<h3 class=\"wp-block-heading has-text-align-center has-text-color\" style=\"color:#000000\">Tirage imm\u00e9diat<\/h3>\n\n\n\n<p class=\"has-text-align-center has-extra-small-font-size\">Vous avez des photos sur votre smartphone ou support num\u00e9rique et vous aimeriez avoir des photos imm\u00e9diatement ?<\/p>\n\n\n\n<p>Grace \u00e0 notre Snaplab, imprimez directement vos photos \u00e0 partir de n&rsquo;importe quel smartphone ou support num\u00e9rique<\/p>\n\n\n\n<p><\/p>\n<\/div><\/div>\n\n\n\n<div class=\"wp-block-group is-layout-constrained wp-block-group-is-layout-constrained\">\n<hr class=\"wp-block-separator has-text-color has-alpha-channel-opacity has-background is-style-wide\" style=\"background-color:#bcca2f;color:#bcca2f\"\/>\n<\/div>\n\n\n\n<h1 class=\"wp-block-heading alignwide has-text-align-center has-foreground-color has-text-color\" id=\"warble-a-film-about-hobbyist-bird-watchers-1\" style=\"font-size:clamp(3rem, 6vw, 4.5rem)\"><a href=\"http:\/\/labonum.com\/?page_id=440\" target=\"_blank\" rel=\"noreferrer noopener\">D\u00e9couvrez notre Photobooth<\/a><\/h1>\n\n\n\n<p class=\"has-text-align-center has-foreground-color has-text-color\"><strong>Enti\u00e8rement personnalisable, de l\u2019\u00e9cran d\u2019accueil aux photos (texte, cadre\u2026), tr\u00e8s simple d\u2019utilisation, notre borne \u00e0 selphie sera le point d\u2019attraction de votre \u00e9v\u00e9nement et laissera \u00e0 vous et vos invit\u00e9s un merveilleux souvenir<\/strong>.<\/p>\n\n\n\n<p><\/p>\n\n\n\n<div class=\"wp-block-group alignfull has-foreground-color has-text-color has-link-color wp-elements-39bd29e04baa2687af54c6f58e9cf96d is-layout-constrained wp-container-core-group-is-layout-71ea9e0f wp-block-group-is-layout-constrained\" style=\"padding-top:0rem;padding-right:0;padding-bottom:0rem;padding-left:0\">\n<div class=\"wp-block-columns alignwide is-layout-flex wp-container-core-columns-is-layout-28f84493 wp-block-columns-is-layout-flex\">\n<div class=\"wp-block-column is-layout-flow wp-block-column-is-layout-flow\" style=\"flex-basis:33.33%\">\n<ul class=\"wp-block-list\">\n<li>Une personnalisation compl\u00e8te&nbsp;: \u00e9cran d\u2019accueil, th\u00e8me, options(noir et blanc, s\u00e9pia,\u2026), photos (texte, cadre\u2026)<\/li>\n\n\n\n<li>Nombre de photos illimit\u00e9es<\/li>\n\n\n\n<li>Jusqu\u2019\u00e0 400 impressions 10X15 instantan\u00e9es via imprimante professionnelle \u00e0 sublimation thermique<\/li>\n\n\n\n<li>Impressions suppl\u00e9mentaires possible<\/li>\n\n\n\n<li>Pas de stress pour vous pendant l\u2019\u00e9v\u00e8nement&nbsp;: vos invit\u00e9s repartent avec les photos, nous vous fournissons le retirage de toutes les photos ainsi que les fichiers sur cl\u00e9 USB<\/li>\n\n\n\n<li>Equip\u00e9 d\u2019un \u00e9clairage r\u00e9glable \u00e0 led<\/li>\n\n\n\n<li>Inclinable (permet des photos en position assise)<\/li>\n\n\n\n<li>Formation \u00e0 l\u2019utilisation<\/li>\n<\/ul>\n<\/div>\n\n\n\n<div class=\"wp-block-column is-vertically-aligned-center is-layout-flow wp-block-column-is-layout-flow\" style=\"flex-basis:66.66%\">\n<figure class=\"wp-block-video aligncenter\" style=\"padding-top:var(--wp--preset--spacing--50);padding-right:var(--wp--preset--spacing--50);padding-bottom:var(--wp--preset--spacing--50);padding-left:var(--wp--preset--spacing--50)\"><video height=\"1080\" style=\"aspect-ratio: 1920 \/ 1080;\" width=\"1920\" controls poster=\"http:\/\/labonum.com\/wp-content\/uploads\/2023\/02\/image-video-photobooth.jpg\" src=\"http:\/\/labonum.com\/wp-content\/uploads\/2023\/02\/video-photobooth-facebook.mp4\"><\/video><\/figure>\n<\/div>\n<\/div>\n<\/div>\n","protected":false},"excerpt":{"rendered":"<p>Laboratoire de d\u00e9veloppement photographique professionnel Rue Guillaume Schoettke &#8211; ZI du Grand Bois &#8211; 57200 Sarreguemines T\u00e9l. 03.87.28.01.75 photo@labonum.com Ouvert sur RDV du lundi au samedi de 7H00 \u00e0 19H00 Nouveaut\u00e9 &#8211; \u00e0 la une Des images pour les professionnels Livre album couverture lin En accord avec le th\u00e8me tr\u00e8s tendance \u00ab\u00a0Boh\u00e8me Chic\u00a0\u00bb des mariages, [&hellip;]<\/p>\n","protected":false},"author":1,"featured_media":0,"parent":0,"menu_order":0,"comment_status":"closed","ping_status":"closed","template":"blank","meta":{"ngg_post_thumbnail":0,"footnotes":""},"class_list":["post-250","page","type-page","status-publish","hentry"],"_links":{"self":[{"href":"http:\/\/labonum.com\/index.php?rest_route=\/wp\/v2\/pages\/250","targetHints":{"allow":["GET"]}}],"collection":[{"href":"http:\/\/labonum.com\/index.php?rest_route=\/wp\/v2\/pages"}],"about":[{"href":"http:\/\/labonum.com\/index.php?rest_route=\/wp\/v2\/types\/page"}],"author":[{"embeddable":true,"href":"http:\/\/labonum.com\/index.php?rest_route=\/wp\/v2\/users\/1"}],"replies":[{"embeddable":true,"href":"http:\/\/labonum.com\/index.php?rest_route=%2Fwp%2Fv2%2Fcomments&post=250"}],"version-history":[{"count":115,"href":"http:\/\/labonum.com\/index.php?rest_route=\/wp\/v2\/pages\/250\/revisions"}],"predecessor-version":[{"id":694,"href":"http:\/\/labonum.com\/index.php?rest_route=\/wp\/v2\/pages\/250\/revisions\/694"}],"wp:attachment":[{"href":"http:\/\/labonum.com\/index.php?rest_route=%2Fwp%2Fv2%2Fmedia&parent=250"}],"curies":[{"name":"wp","href":"https:\/\/api.w.org\/{rel}","templated":true}]}}