{"id":440,"date":"2023-02-10T17:31:17","date_gmt":"2023-02-10T16:31:17","guid":{"rendered":"http:\/\/labonum.com\/?page_id=440"},"modified":"2023-02-25T07:13:06","modified_gmt":"2023-02-25T06:13:06","slug":"photobooth-2","status":"publish","type":"page","link":"http:\/\/labonum.com\/?page_id=440","title":{"rendered":"Photobooth"},"content":{"rendered":"\n<div class=\"wp-block-group alignwide is-content-justification-space-between is-layout-flex wp-container-core-group-is-layout-c3311b41 wp-block-group-is-layout-flex\" style=\"padding-top:0px;padding-right:0px;padding-bottom:0rem;padding-left:0px\"><div class=\"wp-block-site-logo\"><a href=\"http:\/\/labonum.com\/\" class=\"custom-logo-link\" rel=\"home\"><img loading=\"lazy\" decoding=\"async\" width=\"183\" height=\"122\" src=\"http:\/\/labonum.com\/wp-content\/uploads\/2023\/01\/logo-labo.jpg\" class=\"custom-logo\" alt=\"Labonum\" srcset=\"http:\/\/labonum.com\/wp-content\/uploads\/2023\/01\/logo-labo.jpg 945w, http:\/\/labonum.com\/wp-content\/uploads\/2023\/01\/logo-labo-300x200.jpg 300w, http:\/\/labonum.com\/wp-content\/uploads\/2023\/01\/logo-labo-768x512.jpg 768w\" sizes=\"auto, (max-width: 183px) 100vw, 183px\" \/><\/a><\/div>\n\n<nav class=\"is-responsive items-justified-right wp-block-navigation is-content-justification-right is-layout-flex wp-container-core-navigation-is-layout-f665d2b5 wp-block-navigation-is-layout-flex\" \n\t\t data-wp-interactive=\"core\/navigation\" data-wp-context='{\"overlayOpenedBy\":{\"click\":false,\"hover\":false,\"focus\":false},\"type\":\"overlay\",\"roleAttribute\":\"\",\"ariaLabel\":\"Menu\"}'><button aria-haspopup=\"dialog\" aria-label=\"Ouvrir le menu\" class=\"wp-block-navigation__responsive-container-open\" \n\t\t\t\tdata-wp-on--click=\"actions.openMenuOnClick\"\n\t\t\t\tdata-wp-on--keydown=\"actions.handleMenuKeydown\"\n\t\t\t><svg width=\"24\" height=\"24\" xmlns=\"http:\/\/www.w3.org\/2000\/svg\" viewBox=\"0 0 24 24\" aria-hidden=\"true\" focusable=\"false\"><path d=\"M4 7.5h16v1.5H4z\"><\/path><path d=\"M4 15h16v1.5H4z\"><\/path><\/svg><\/button>\n\t\t\t\t<div class=\"wp-block-navigation__responsive-container\"  id=\"modal-1\" \n\t\t\t\tdata-wp-class--has-modal-open=\"state.isMenuOpen\"\n\t\t\t\tdata-wp-class--is-menu-open=\"state.isMenuOpen\"\n\t\t\t\tdata-wp-watch=\"callbacks.initMenu\"\n\t\t\t\tdata-wp-on--keydown=\"actions.handleMenuKeydown\"\n\t\t\t\tdata-wp-on--focusout=\"actions.handleMenuFocusout\"\n\t\t\t\ttabindex=\"-1\"\n\t\t\t>\n\t\t\t\t\t<div class=\"wp-block-navigation__responsive-close\" tabindex=\"-1\">\n\t\t\t\t\t\t<div class=\"wp-block-navigation__responsive-dialog\" \n\t\t\t\tdata-wp-bind--aria-modal=\"state.ariaModal\"\n\t\t\t\tdata-wp-bind--aria-label=\"state.ariaLabel\"\n\t\t\t\tdata-wp-bind--role=\"state.roleAttribute\"\n\t\t\t>\n\t\t\t\t\t\t\t<button aria-label=\"Fermer le menu\" class=\"wp-block-navigation__responsive-container-close\" \n\t\t\t\tdata-wp-on--click=\"actions.closeMenuOnClick\"\n\t\t\t><svg xmlns=\"http:\/\/www.w3.org\/2000\/svg\" viewBox=\"0 0 24 24\" width=\"24\" height=\"24\" aria-hidden=\"true\" focusable=\"false\"><path d=\"m13.06 12 6.47-6.47-1.06-1.06L12 10.94 5.53 4.47 4.47 5.53 10.94 12l-6.47 6.47 1.06 1.06L12 13.06l6.47 6.47 1.06-1.06L13.06 12Z\"><\/path><\/svg><\/button>\n\t\t\t\t\t\t\t<div class=\"wp-block-navigation__responsive-container-content\" \n\t\t\t\tdata-wp-watch=\"callbacks.focusFirstElement\"\n\t\t\t id=\"modal-1-content\">\n\t\t\t\t\t\t\t\t<ul class=\"wp-block-navigation__container is-responsive items-justified-right wp-block-navigation\"><ul class=\"wp-block-page-list\"><li class=\"wp-block-pages-list__item wp-block-navigation-item open-on-hover-click\"><a class=\"wp-block-pages-list__item__link wp-block-navigation-item__content\" href=\"http:\/\/labonum.com\/?page_id=118\">A propos<\/a><\/li><li class=\"wp-block-pages-list__item wp-block-navigation-item open-on-hover-click\"><a class=\"wp-block-pages-list__item__link wp-block-navigation-item__content\" href=\"http:\/\/labonum.com\/?page_id=9\">Contact<\/a><\/li><li class=\"wp-block-pages-list__item wp-block-navigation-item open-on-hover-click menu-item-home\"><a class=\"wp-block-pages-list__item__link wp-block-navigation-item__content\" href=\"http:\/\/labonum.com\/\">home<\/a><\/li><li class=\"wp-block-pages-list__item wp-block-navigation-item open-on-hover-click\"><a class=\"wp-block-pages-list__item__link wp-block-navigation-item__content\" href=\"http:\/\/labonum.com\/?page_id=529\">Livres albums<\/a><\/li><li class=\"wp-block-pages-list__item wp-block-navigation-item open-on-hover-click\"><a class=\"wp-block-pages-list__item__link wp-block-navigation-item__content\" href=\"http:\/\/labonum.com\/?page_id=164\">organisation logistique<\/a><\/li><li class=\"wp-block-pages-list__item wp-block-navigation-item open-on-hover-click\"><a class=\"wp-block-pages-list__item__link wp-block-navigation-item__content\" href=\"http:\/\/labonum.com\/?page_id=458\">Photo d&rsquo;identit\u00e9 ANTS<\/a><\/li><li class=\"wp-block-pages-list__item wp-block-navigation-item open-on-hover-click\"><a class=\"wp-block-pages-list__item__link wp-block-navigation-item__content\" href=\"http:\/\/labonum.com\/?page_id=230\">Photo scolaire<\/a><\/li><li class=\"wp-block-pages-list__item wp-block-navigation-item open-on-hover-click\"><a class=\"wp-block-pages-list__item__link wp-block-navigation-item__content\" href=\"http:\/\/labonum.com\/?page_id=440\">Photobooth<\/a><\/li><li class=\"wp-block-pages-list__item wp-block-navigation-item open-on-hover-click\"><a class=\"wp-block-pages-list__item__link wp-block-navigation-item__content\" href=\"http:\/\/labonum.com\/?page_id=698\">R\u00e9servation photobooth<\/a><\/li><li class=\"wp-block-pages-list__item wp-block-navigation-item open-on-hover-click\"><a class=\"wp-block-pages-list__item__link wp-block-navigation-item__content\" href=\"http:\/\/labonum.com\/?page_id=268\">Transfert vid\u00e9o<\/a><\/li><\/ul><\/ul>\n\t\t\t\t\t\t\t<\/div>\n\t\t\t\t\t\t<\/div>\n\t\t\t\t\t<\/div>\n\t\t\t\t<\/div><\/nav><\/div>\n\n\n\n<h2 class=\"alignwide has-text-align-center wp-block-heading\">Notre photobooth \/ borne \u00e0 selphie<\/h2>\n\n\n\n<figure class=\"wp-block-image size-large\"><img loading=\"lazy\" decoding=\"async\" width=\"1024\" height=\"512\" src=\"http:\/\/labonum.com\/wp-content\/uploads\/2023\/02\/photobooth-page-1024x512.jpg\" alt=\"\" class=\"wp-image-445\" srcset=\"http:\/\/labonum.com\/wp-content\/uploads\/2023\/02\/photobooth-page-1024x512.jpg 1024w, http:\/\/labonum.com\/wp-content\/uploads\/2023\/02\/photobooth-page-300x150.jpg 300w, http:\/\/labonum.com\/wp-content\/uploads\/2023\/02\/photobooth-page-768x384.jpg 768w, http:\/\/labonum.com\/wp-content\/uploads\/2023\/02\/photobooth-page-1536x768.jpg 1536w, http:\/\/labonum.com\/wp-content\/uploads\/2023\/02\/photobooth-page.jpg 1920w\" sizes=\"auto, (max-width: 1024px) 100vw, 1024px\" \/><\/figure>\n\n\n\n<p>Si vous avez \u00e9t\u00e9 \u00e0 un certain nombre de mariages au cours des derni\u00e8res ann\u00e9es, alors vous avez&nbsp;certainement utilis\u00e9 un&nbsp;<strong>PhotoBooth<\/strong>&nbsp;dans au moins l\u2019un d\u2019eux. Un photobooth est une sorte de borne \u00e0 Selfie automatique ou une machine comme un photomaton pour les photos d\u2019identit\u00e9. Ils deviennent de plus en plus populaires et elle ne fait qu\u2019augmenter.<br>Mais pourquoi faire un PhotoBooth lors de votre mariage? Qu\u2019est-ce qui en fait un must ? Quels sont les avantages d\u2019en avoir un ?<\/p>\n\n\n\n<p><strong>Voici 5 raisons<\/strong>&nbsp;si vous h\u00e9sitez \u00e0 en avoir un.<\/p>\n\n\n\n<p><strong>C\u2019est tr\u00e8s amusant<br><\/strong>Le Photobooth est une valeur s\u00fbr. L\u2019int\u00e9r\u00eat principal de ce divertissement, c\u2019est que cela amusera vos invit\u00e9s du plus jeune au plus vieux. Ce n\u2019est pas une activit\u00e9 individuelle et les gens ont tendance \u00e0 venir sur le stand en groupes pour une photo. En voyant les accessoires disponibles, m\u00eame les plus timides s\u2019amusent \u00e0 travers les trois ou quatre photos prises par l\u2019appareil photo. De plus, les rires et la joie que procurent le Photobooth invitent les autres personnes \u00e0 s\u2019int\u00e9resser au stand. C\u2019est communicatif.<\/p>\n\n\n\n<p><strong>Le livre d\u2019or<br><\/strong>Peut-\u00eatre la raison principale pour avoir un PhotoBooth lors de votre mariage est la possibilit\u00e9 de cr\u00e9er un livre d\u2019or avec les tirages photos de vos invit\u00e9s ou bien de cr\u00e9er un cadre g\u00e9ant. Une fois votre mariage termin\u00e9 et au retour de votre lune de miel, vous pourrez enfin jeter un coup d\u2019\u0153il \u00e0 votre livre d\u2019or et admirer les photos. De nombreux invit\u00e9s peuvent avoir du mal \u00e0 \u00e9crire un message sur votre livre d\u2019Or, mais lorsqu\u2019ils colleront leurs photos, cela sera plus facile d\u2019ajouter un sous-titre pour illustrer leurs pens\u00e9es. Amis et famille auront contribu\u00e9 \u00e0 un cadeau de mariage unique que vous pouvez ch\u00e9rir pour le reste de votre vie.<\/p>\n\n\n\n<p><strong>Le photographe de mariage ne peut pas photographier tout le monde<\/strong><br>Le photographe de mariage ne peut pas photographier tout le monde lors du mariage. Certains n\u2019aiment pas \u00eatre photographi\u00e9 pour une raison ou une autre, alors que d\u2019autres risquent de rater le photographe. Avec un Photobooth, vous pouvez \u00eatre assur\u00e9 que vous aurez au moins un instantan\u00e9 de chacun de vos invit\u00e9s. Bien s\u00fbr, ils vont probablement arborer des lunettes fluorescentes ridicules ou avoir chapeau, mais au moins, vous aurez une photo de tous et dans la bonne humeur.<\/p>\n\n\n\n<p><strong>Passer le temps en s\u2019amusant<\/strong><br>Lors du diner, les temps de service du traiteur sont parfois tr\u00e8s long. Imaginer qu\u2019il&nbsp;faut servir 120 couverts d\u2019un bout \u00e0 l\u2019autre de la salle. Les premiers servis auront finis de manger quand les derniers commenceront \u00e0 \u00eatre servis. Impossible de faire une animation ou un discours durant ces moments. C\u2019est ici que le Photobooth prend le relais et assurent les temps d\u2019attentes. Les premiers mangent, les autres participent \u00e0 l\u2019animation. Ensuite, les premiers servis encha\u00eenent dans une rotation naturelle. Quand le moment des discours ou des jeux arrivent, la machine se met en pose pour que l\u2019animateur puisse se restaurer.<\/p>\n\n\n\n<p><strong>Des souvenirs, un cadeau pour vos invit\u00e9s<\/strong><br>Peut-\u00eatre la raison num\u00e9ro d\u2019avoir un PhotoBooth \u00e0 votre mariage &nbsp;est les souvenirs qu\u2019il cr\u00e9e. Non seulement les invit\u00e9s cr\u00e9ent des photos pour votre livre d\u2019or, mais ils re\u00e7oivent \u00e9galement une copie de leurs photos. Tant de gens verront ces photos au cours des prochaines ann\u00e9es et tant de gens poseront des questions sur l\u2019endroit o\u00f9 elles ont \u00e9t\u00e9 prises. Combien de fois, en visite chez des parents des mari\u00e9s ou des amis des mari\u00e9s ai-je vu les photos du Photobooth sur le frigo avec un aimant ou dans le salon coll\u00e9 sur un cadre. Votre mariage restera longtemps dans leur m\u00e9moire. Ils sont vraiment une addition merveilleuse \u00e0 votre jour de mariage et le parfait cadeau pour vos invit\u00e9s !<\/p>\n\n\n\n<p><strong>Pas seulement pour les mariages<\/strong><br>Toute occasion est bonne pour faire un photobooth :<\/p>\n\n\n\n<ul class=\"wp-block-list\">\n<li>Mariage (bien s\u00fbr!)<\/li>\n\n\n\n<li>Anniversaires<\/li>\n\n\n\n<li>F\u00eates de familles<\/li>\n\n\n\n<li>Enterrement de vie de jeune fille\/gar\u00e7on<\/li>\n\n\n\n<li>F\u00eates de No\u00ebl<\/li>\n\n\n\n<li>Ev\u00e8nements publicitaires<\/li>\n\n\n\n<li>Ev\u00e8nements sportifs<\/li>\n<\/ul>\n\n\n\n<hr class=\"wp-block-separator has-text-color has-alpha-channel-opacity has-background is-style-wide\" style=\"background-color:#bcca2f;color:#bcca2f\"\/>\n\n\n\n<h1 class=\"alignwide has-text-align-center has-foreground-color has-text-color wp-block-heading\" id=\"warble-a-film-about-hobbyist-bird-watchers-1\" style=\"font-size:clamp(3rem, 6vw, 4.5rem)\">La location de notre Photobooth<\/h1>\n\n\n\n<h3 class=\"alignwide has-text-align-center wp-block-heading\">Notre prestation \u00e0 280,00\u20ac<\/h3>\n\n\n\n<ul class=\"wp-block-list\">\n<li>Une personnalisation compl\u00e8te&nbsp;: \u00e9cran d\u2019accueil, th\u00e8me, options(noir et blanc, s\u00e9pia,\u2026), photos (texte, cadre\u2026)<\/li>\n\n\n\n<li>Nombre de photos illimit\u00e9es<\/li>\n\n\n\n<li>Jusqu\u2019\u00e0 400 impressions 10X15 instantan\u00e9es via imprimante professionnelle \u00e0 sublimation thermique<\/li>\n\n\n\n<li>Impressions suppl\u00e9mentaires possible<\/li>\n\n\n\n<li>Pas de stress pour vous pendant l\u2019\u00e9v\u00e8nement&nbsp;: vos invit\u00e9s repartent avec les photos, nous vous fournissons le retirage de toutes les photos ainsi que les fichiers sur cl\u00e9 USB<\/li>\n\n\n\n<li>Equip\u00e9 d\u2019un \u00e9clairage r\u00e9glable \u00e0 led<\/li>\n\n\n\n<li>Inclinable (permet des photos en position assise)<\/li>\n\n\n\n<li>Formation \u00e0 l\u2019utilisation<\/li>\n\n\n\n<li>Disponible \u00e0 la location sans imprimante : 180,00\u20ac<\/li>\n<\/ul>\n\n\n\n<h5 class=\"wp-block-heading\">Pour louer votre photobooth :<\/h5>\n\n\n\n<ul class=\"wp-block-list\">\n<li>contactez-nous au 03.87.28.01.75<\/li>\n\n\n\n<li>utilisez le formulaire de contact \n<ul class=\"wp-block-list\"><\/ul>\n<\/li>\n<\/ul>\n\n\n\n<div class=\"wp-block-contact-form-7-contact-form-selector\">\n<div class=\"wpcf7 no-js\" id=\"wpcf7-f475-o1\" lang=\"fr-FR\" dir=\"ltr\" data-wpcf7-id=\"475\">\n<div class=\"screen-reader-response\"><p role=\"status\" aria-live=\"polite\" aria-atomic=\"true\"><\/p> <ul><\/ul><\/div>\n<form action=\"\/index.php?rest_route=%2Fwp%2Fv2%2Fpages%2F440#wpcf7-f475-o1\" method=\"post\" class=\"wpcf7-form init\" aria-label=\"Formulaire de contact\" novalidate=\"novalidate\" data-status=\"init\">\n<fieldset class=\"hidden-fields-container\"><input type=\"hidden\" name=\"_wpcf7\" value=\"475\" \/><input type=\"hidden\" name=\"_wpcf7_version\" value=\"6.1.5\" \/><input type=\"hidden\" name=\"_wpcf7_locale\" value=\"fr_FR\" \/><input type=\"hidden\" name=\"_wpcf7_unit_tag\" value=\"wpcf7-f475-o1\" \/><input type=\"hidden\" name=\"_wpcf7_container_post\" value=\"0\" \/><input type=\"hidden\" name=\"_wpcf7_posted_data_hash\" value=\"\" \/><input type=\"hidden\" name=\"_wpcf7_recaptcha_response\" value=\"\" \/>\n<\/fieldset>\n<p><label> Vos nom et pr\u00e9nom<br \/>\n<span class=\"wpcf7-form-control-wrap\" data-name=\"your-name\"><input size=\"40\" maxlength=\"400\" class=\"wpcf7-form-control wpcf7-text wpcf7-validates-as-required\" autocomplete=\"name\" aria-required=\"true\" aria-invalid=\"false\" value=\"\" type=\"text\" name=\"your-name\" \/><\/span> <\/label>\n<\/p>\n<p><label> Votre e-mail<br \/>\n<span class=\"wpcf7-form-control-wrap\" data-name=\"your-email\"><input size=\"40\" maxlength=\"400\" class=\"wpcf7-form-control wpcf7-email wpcf7-validates-as-required wpcf7-text wpcf7-validates-as-email\" autocomplete=\"email\" aria-required=\"true\" aria-invalid=\"false\" value=\"\" type=\"email\" name=\"your-email\" \/><\/span> <\/label>\n<\/p>\n<p><label> Votre num\u00e9ro de t\u00e9l\u00e9phonne<br \/>\n<span class=\"wpcf7-form-control-wrap\" data-name=\"your-tel\"><input size=\"40\" maxlength=\"400\" class=\"wpcf7-form-control wpcf7-tel wpcf7-text wpcf7-validates-as-tel\" autocomplete=\"tel\" aria-invalid=\"false\" value=\"\" type=\"tel\" name=\"your-tel\" \/><\/span><\/label>\n<\/p>\n<p><label> Date de r\u00e9servation souhait\u00e9e<br \/>\n<span class=\"wpcf7-form-control-wrap\" data-name=\"your-date\"><input class=\"wpcf7-form-control wpcf7-date wpcf7-validates-as-required wpcf7-validates-as-date\" autocomplete=\"date\" aria-required=\"true\" aria-invalid=\"false\" value=\"\" type=\"date\" name=\"your-date\" \/><\/span><\/label>\n<\/p>\n<p><label> Votre message<br \/>\n<span class=\"wpcf7-form-control-wrap\" data-name=\"your-message\"><textarea cols=\"40\" rows=\"10\" maxlength=\"2000\" class=\"wpcf7-form-control wpcf7-textarea\" aria-invalid=\"false\" name=\"your-message\"><\/textarea><\/span> <\/label>\n<\/p>\n<p><input class=\"wpcf7-form-control wpcf7-submit has-spinner\" type=\"submit\" value=\"Envoyer\" \/>\n<\/p><p style=\"display: none !important;\" class=\"akismet-fields-container\" data-prefix=\"_wpcf7_ak_\"><label>&#916;<textarea name=\"_wpcf7_ak_hp_textarea\" cols=\"45\" rows=\"8\" maxlength=\"100\"><\/textarea><\/label><input type=\"hidden\" id=\"ak_js_1\" name=\"_wpcf7_ak_js\" value=\"238\"\/><script>document.getElementById( \"ak_js_1\" ).setAttribute( \"value\", ( new Date() ).getTime() );<\/script><\/p><div class=\"wpcf7-response-output\" aria-hidden=\"true\"><\/div>\n<\/form>\n<\/div>\n<\/div>\n","protected":false},"excerpt":{"rendered":"<p>Notre photobooth \/ borne \u00e0 selphie Si vous avez \u00e9t\u00e9 \u00e0 un certain nombre de mariages au cours des derni\u00e8res ann\u00e9es, alors vous avez&nbsp;certainement utilis\u00e9 un&nbsp;PhotoBooth&nbsp;dans au moins l\u2019un d\u2019eux. Un photobooth est une sorte de borne \u00e0 Selfie automatique ou une machine comme un photomaton pour les photos d\u2019identit\u00e9. Ils deviennent de plus en [&hellip;]<\/p>\n","protected":false},"author":1,"featured_media":0,"parent":0,"menu_order":0,"comment_status":"closed","ping_status":"closed","template":"","meta":{"ngg_post_thumbnail":0,"footnotes":""},"class_list":["post-440","page","type-page","status-publish","hentry"],"_links":{"self":[{"href":"http:\/\/labonum.com\/index.php?rest_route=\/wp\/v2\/pages\/440","targetHints":{"allow":["GET"]}}],"collection":[{"href":"http:\/\/labonum.com\/index.php?rest_route=\/wp\/v2\/pages"}],"about":[{"href":"http:\/\/labonum.com\/index.php?rest_route=\/wp\/v2\/types\/page"}],"author":[{"embeddable":true,"href":"http:\/\/labonum.com\/index.php?rest_route=\/wp\/v2\/users\/1"}],"replies":[{"embeddable":true,"href":"http:\/\/labonum.com\/index.php?rest_route=%2Fwp%2Fv2%2Fcomments&post=440"}],"version-history":[{"count":15,"href":"http:\/\/labonum.com\/index.php?rest_route=\/wp\/v2\/pages\/440\/revisions"}],"predecessor-version":[{"id":482,"href":"http:\/\/labonum.com\/index.php?rest_route=\/wp\/v2\/pages\/440\/revisions\/482"}],"wp:attachment":[{"href":"http:\/\/labonum.com\/index.php?rest_route=%2Fwp%2Fv2%2Fmedia&parent=440"}],"curies":[{"name":"wp","href":"https:\/\/api.w.org\/{rel}","templated":true}]}}