{"id":458,"date":"2023-02-25T07:35:39","date_gmt":"2023-02-25T06:35:39","guid":{"rendered":"http:\/\/labonum.com\/?page_id=458"},"modified":"2023-02-25T07:35:39","modified_gmt":"2023-02-25T06:35:39","slug":"photo-didentite-ants","status":"publish","type":"page","link":"http:\/\/labonum.com\/?page_id=458","title":{"rendered":"Photo d&rsquo;identit\u00e9 ANTS"},"content":{"rendered":"\n<div class=\"wp-block-group alignwide is-content-justification-space-between is-layout-flex wp-container-core-group-is-layout-c3311b41 wp-block-group-is-layout-flex\" style=\"padding-top:0px;padding-right:0px;padding-bottom:0rem;padding-left:0px\"><div class=\"wp-block-site-logo\"><a href=\"http:\/\/labonum.com\/\" class=\"custom-logo-link\" rel=\"home\"><img loading=\"lazy\" decoding=\"async\" width=\"183\" height=\"122\" src=\"http:\/\/labonum.com\/wp-content\/uploads\/2023\/01\/logo-labo.jpg\" class=\"custom-logo\" alt=\"Labonum\" srcset=\"http:\/\/labonum.com\/wp-content\/uploads\/2023\/01\/logo-labo.jpg 945w, http:\/\/labonum.com\/wp-content\/uploads\/2023\/01\/logo-labo-300x200.jpg 300w, http:\/\/labonum.com\/wp-content\/uploads\/2023\/01\/logo-labo-768x512.jpg 768w\" sizes=\"auto, (max-width: 183px) 100vw, 183px\" \/><\/a><\/div>\n\n<nav class=\"is-responsive items-justified-right wp-block-navigation is-content-justification-right is-layout-flex wp-container-core-navigation-is-layout-f665d2b5 wp-block-navigation-is-layout-flex\" \n\t\t data-wp-interactive=\"core\/navigation\" data-wp-context='{\"overlayOpenedBy\":{\"click\":false,\"hover\":false,\"focus\":false},\"type\":\"overlay\",\"roleAttribute\":\"\",\"ariaLabel\":\"Menu\"}'><button aria-haspopup=\"dialog\" aria-label=\"Ouvrir le menu\" class=\"wp-block-navigation__responsive-container-open\" \n\t\t\t\tdata-wp-on--click=\"actions.openMenuOnClick\"\n\t\t\t\tdata-wp-on--keydown=\"actions.handleMenuKeydown\"\n\t\t\t><svg width=\"24\" height=\"24\" xmlns=\"http:\/\/www.w3.org\/2000\/svg\" viewBox=\"0 0 24 24\" aria-hidden=\"true\" focusable=\"false\"><path d=\"M4 7.5h16v1.5H4z\"><\/path><path d=\"M4 15h16v1.5H4z\"><\/path><\/svg><\/button>\n\t\t\t\t<div class=\"wp-block-navigation__responsive-container\"  id=\"modal-1\" \n\t\t\t\tdata-wp-class--has-modal-open=\"state.isMenuOpen\"\n\t\t\t\tdata-wp-class--is-menu-open=\"state.isMenuOpen\"\n\t\t\t\tdata-wp-watch=\"callbacks.initMenu\"\n\t\t\t\tdata-wp-on--keydown=\"actions.handleMenuKeydown\"\n\t\t\t\tdata-wp-on--focusout=\"actions.handleMenuFocusout\"\n\t\t\t\ttabindex=\"-1\"\n\t\t\t>\n\t\t\t\t\t<div class=\"wp-block-navigation__responsive-close\" tabindex=\"-1\">\n\t\t\t\t\t\t<div class=\"wp-block-navigation__responsive-dialog\" \n\t\t\t\tdata-wp-bind--aria-modal=\"state.ariaModal\"\n\t\t\t\tdata-wp-bind--aria-label=\"state.ariaLabel\"\n\t\t\t\tdata-wp-bind--role=\"state.roleAttribute\"\n\t\t\t>\n\t\t\t\t\t\t\t<button aria-label=\"Fermer le menu\" class=\"wp-block-navigation__responsive-container-close\" \n\t\t\t\tdata-wp-on--click=\"actions.closeMenuOnClick\"\n\t\t\t><svg xmlns=\"http:\/\/www.w3.org\/2000\/svg\" viewBox=\"0 0 24 24\" width=\"24\" height=\"24\" aria-hidden=\"true\" focusable=\"false\"><path d=\"m13.06 12 6.47-6.47-1.06-1.06L12 10.94 5.53 4.47 4.47 5.53 10.94 12l-6.47 6.47 1.06 1.06L12 13.06l6.47 6.47 1.06-1.06L13.06 12Z\"><\/path><\/svg><\/button>\n\t\t\t\t\t\t\t<div class=\"wp-block-navigation__responsive-container-content\" \n\t\t\t\tdata-wp-watch=\"callbacks.focusFirstElement\"\n\t\t\t id=\"modal-1-content\">\n\t\t\t\t\t\t\t\t<ul class=\"wp-block-navigation__container is-responsive items-justified-right wp-block-navigation\"><ul class=\"wp-block-page-list\"><li class=\"wp-block-pages-list__item wp-block-navigation-item open-on-hover-click\"><a class=\"wp-block-pages-list__item__link wp-block-navigation-item__content\" href=\"http:\/\/labonum.com\/?page_id=118\">A propos<\/a><\/li><li class=\"wp-block-pages-list__item wp-block-navigation-item open-on-hover-click\"><a class=\"wp-block-pages-list__item__link wp-block-navigation-item__content\" href=\"http:\/\/labonum.com\/?page_id=9\">Contact<\/a><\/li><li class=\"wp-block-pages-list__item wp-block-navigation-item open-on-hover-click menu-item-home\"><a class=\"wp-block-pages-list__item__link wp-block-navigation-item__content\" href=\"http:\/\/labonum.com\/\">home<\/a><\/li><li class=\"wp-block-pages-list__item wp-block-navigation-item open-on-hover-click\"><a class=\"wp-block-pages-list__item__link wp-block-navigation-item__content\" href=\"http:\/\/labonum.com\/?page_id=529\">Livres albums<\/a><\/li><li class=\"wp-block-pages-list__item wp-block-navigation-item open-on-hover-click\"><a class=\"wp-block-pages-list__item__link wp-block-navigation-item__content\" href=\"http:\/\/labonum.com\/?page_id=164\">organisation logistique<\/a><\/li><li class=\"wp-block-pages-list__item wp-block-navigation-item open-on-hover-click\"><a class=\"wp-block-pages-list__item__link wp-block-navigation-item__content\" href=\"http:\/\/labonum.com\/?page_id=458\">Photo d&rsquo;identit\u00e9 ANTS<\/a><\/li><li class=\"wp-block-pages-list__item wp-block-navigation-item open-on-hover-click\"><a class=\"wp-block-pages-list__item__link wp-block-navigation-item__content\" href=\"http:\/\/labonum.com\/?page_id=230\">Photo scolaire<\/a><\/li><li class=\"wp-block-pages-list__item wp-block-navigation-item open-on-hover-click\"><a class=\"wp-block-pages-list__item__link wp-block-navigation-item__content\" href=\"http:\/\/labonum.com\/?page_id=440\">Photobooth<\/a><\/li><li class=\"wp-block-pages-list__item wp-block-navigation-item open-on-hover-click\"><a class=\"wp-block-pages-list__item__link wp-block-navigation-item__content\" href=\"http:\/\/labonum.com\/?page_id=698\">R\u00e9servation photobooth<\/a><\/li><li class=\"wp-block-pages-list__item wp-block-navigation-item open-on-hover-click\"><a class=\"wp-block-pages-list__item__link wp-block-navigation-item__content\" href=\"http:\/\/labonum.com\/?page_id=268\">Transfert vid\u00e9o<\/a><\/li><\/ul><\/ul>\n\t\t\t\t\t\t\t<\/div>\n\t\t\t\t\t\t<\/div>\n\t\t\t\t\t<\/div>\n\t\t\t\t<\/div><\/nav><\/div>\n\n\n\n<h2 class=\"alignfull has-text-align-center wp-block-heading\">La photo d&rsquo;identit\u00e9 aux normes ANTS<\/h2>\n\n\n\n<div class=\"wp-block-group alignfull has-foreground-color has-text-color has-link-color wp-elements-23659073dda4422d9a1846db4d7f393f is-layout-constrained wp-container-core-group-is-layout-71ea9e0f wp-block-group-is-layout-constrained\" style=\"padding-top:0rem;padding-right:0;padding-bottom:0rem;padding-left:0\">\n<div class=\"wp-block-columns alignwide is-layout-flex wp-container-core-columns-is-layout-28f84493 wp-block-columns-is-layout-flex\">\n<div class=\"wp-block-column is-layout-flow wp-block-column-is-layout-flow\" style=\"flex-basis:33.33%\">\n<p>Nous sommes \u00e9quip\u00e9s pour vous fournir des photos d&rsquo;identit\u00e9s aux normes pour tous vos documents administratifs : carte d&rsquo;identit\u00e9, passeport, visa, carte vitale, scolaire, photo CV et permis de conduire.<\/p>\n\n\n\n<p>Pour ce dernier, nous sommes agr\u00e9\u00e9 ANTS, c&rsquo;est \u00e0 dire que nous sommes en mesure de vous fournir votre code photo photo d&rsquo;identit\u00e9 num\u00e9rique (voici&nbsp;<a rel=\"noreferrer noopener\" href=\"https:\/\/permisdeconduire.ants.gouv.fr\/services\/geolocaliser-les-photographes-habilites\" target=\"_blank\">comment obtenir ce code<\/a>).<\/p>\n<\/div>\n\n\n\n<div class=\"wp-block-column is-vertically-aligned-center is-layout-flow wp-block-column-is-layout-flow\" style=\"flex-basis:66.66%\">\n<figure class=\"wp-block-image size-large\"><img loading=\"lazy\" decoding=\"async\" width=\"1024\" height=\"512\" src=\"http:\/\/labonum.com\/wp-content\/uploads\/2023\/02\/ants-1024x512.jpg\" alt=\"\" class=\"wp-image-452\" srcset=\"http:\/\/labonum.com\/wp-content\/uploads\/2023\/02\/ants-1024x512.jpg 1024w, http:\/\/labonum.com\/wp-content\/uploads\/2023\/02\/ants-300x150.jpg 300w, http:\/\/labonum.com\/wp-content\/uploads\/2023\/02\/ants-768x384.jpg 768w, http:\/\/labonum.com\/wp-content\/uploads\/2023\/02\/ants-1536x768.jpg 1536w, http:\/\/labonum.com\/wp-content\/uploads\/2023\/02\/ants.jpg 1920w\" sizes=\"auto, (max-width: 1024px) 100vw, 1024px\" \/><\/figure>\n<\/div>\n<\/div>\n<\/div>\n\n\n\n<div style=\"height:52px\" aria-hidden=\"true\" class=\"wp-block-spacer\"><\/div>\n\n\n\n<hr class=\"wp-block-separator has-text-color has-alpha-channel-opacity has-background is-style-wide\" style=\"background-color:#bcca2f;color:#bcca2f\"\/>\n\n\n\n<div style=\"height:52px\" aria-hidden=\"true\" class=\"wp-block-spacer\"><\/div>\n\n\n\n<h3 class=\"wp-block-heading\">Les d\u00e9marches du permis sur l\u2019ANTS : pour qui ? pour quoi ?<\/h3>\n\n\n\n<h4 class=\"wp-block-heading\">Qu\u2019est-ce que l\u2019ANTS ?<\/h4>\n\n\n\n<p>L\u2019ANTS est l\u2019Agence Nationale des Titres S\u00e9curis\u00e9s. Il s\u2019agit d\u2019un service administratif du gouvernement fran\u00e7ais, qui d\u00e9livre notamment les passeports, cartes d\u2019identit\u00e9, cartes grises\u2026 et les permis de conduire !<\/p>\n\n\n\n<p>Peu \u00e0 peu, les d\u00e9marches sont num\u00e9ris\u00e9es et les dossiers papiers sont remplac\u00e9s par des demandes en ligne, sur le site de l\u2019ANTS. C\u2019est le cas pour le permis de conduire. En effet depuis novembre 2017, les candidats doivent effectuer en ligne sur le site de l\u2019ANTS leur demande de permis de conduire.<\/p>\n\n\n\n<h3 class=\"wp-block-heading\">\u00c0 quoi correspond la demande de permis de conduire ?<\/h3>\n\n\n\n<p>La demande de permis de conduire sur l\u2019ANTS correspond en fait \u00e0 la&nbsp;demande de&nbsp;num\u00e9ro NEPH. Il s\u2019agit d\u2019un num\u00e9ro attribu\u00e9 \u00e0 chaque candidat, indispensable pour pouvoir passer l\u2019examen du code de la route et par la suite obtenir son&nbsp;permis de conduire. Cette demande, autrefois r\u00e9alis\u00e9e par dossier papier, se fait maintenant exclusivement en ligne, sur le site de l\u2019ANTS pour le permis de conduire.<\/p>\n\n\n\n<h3 class=\"wp-block-heading\">Qui doit s\u2019inscrire sur l\u2019ANTS pour le permis de conduire ?<\/h3>\n\n\n\n<p>Vous devez effectuer sur l\u2019ANTS une demande de permis de conduire si vous \u00eates dans l\u2019une de ces situations :<\/p>\n\n\n\n<ul class=\"wp-block-list\">\n<li>il s\u2019agit de votre toute premi\u00e8re inscription au permis<\/li>\n\n\n\n<li>vous souhaitez passer une nouvelle cat\u00e9gorie de permis (passer le permis moto apr\u00e8s avoir obtenu le permis voiture par exemple)<\/li>\n\n\n\n<li>vous devez&nbsp;repasser votre permis suite \u00e0&nbsp;ou une suspension<\/li>\n<\/ul>\n\n\n\n<p>L\u2019inscription via l\u2019ANTS pour le permis de conduire est obligatoire dans ces cas, que vous soyez candidat d\u2019une auto-\u00e9cole physique, en ligne ou candidat libre. Petite astuce : les candidats Lepermislibre sont guid\u00e9s de A \u00e0 Z dans leurs d\u00e9marches et peuvent poser toutes leurs questions \u00e0 notre \u00e9quipe !<\/p>\n\n\n\n<p>En revanche, vous n\u2019\u00eates pas concern\u00e9 par l\u2019ANTS et la demande de permis de conduire si vous avez d\u00e9j\u00e0 \u00e9t\u00e9 inscrit en auto-\u00e9cole auparavant, sans avoir obtenu votre permis depuis. En effet, vous poss\u00e9dez d\u00e9j\u00e0 un num\u00e9ro NEPH, valable \u00e0 vie. Il suffit donc de&nbsp;r\u00e9cup\u00e9rer votre dossier auto-\u00e9cole&nbsp;pour poursuivre votre formation.<\/p>\n\n\n\n<h3 class=\"wp-block-heading\">Comment compl\u00e9ter ma demande de permis de conduire sur l\u2019ANTS ?<\/h3>\n\n\n\n<p>Voici les \u00e9tapes \u00e0 suivre sur l\u2019ANTS pour la demande de permis de conduire.<\/p>\n\n\n\n<ol class=\"wp-block-list\">\n<li>Rendez-vous sur le site de l\u2019ANTS et connectez-vous, ou cr\u00e9ez un compte si vous n\u2019en avez pas.<\/li>\n\n\n\n<li>Cliquez sur \u201cCommencer la demande\u201d.<\/li>\n\n\n\n<li>Choisissez le motif de votre demande selon votre situation et la cat\u00e9gorie du permis vis\u00e9.<\/li>\n\n\n\n<li>Compl\u00e9ter les champs demand\u00e9s et fournissez les&nbsp;documents requis pour l\u2019inscription au permis&nbsp;(par photo ou scan).<\/li>\n\n\n\n<li>Validez votre demande ! Vous pourrez alors t\u00e9l\u00e9charger un justificatif de d\u00e9p\u00f4t de votre demande.<\/li>\n<\/ol>\n\n\n\n<hr class=\"wp-block-separator has-text-color has-alpha-channel-opacity has-background is-style-wide\" style=\"background-color:#bcca2f;color:#bcca2f\"\/>\n\n\n\n<h5 class=\"wp-block-heading\">prenez rendez-vous pour votre photo d&rsquo;identit\u00e9 <\/h5>\n\n\n\n<ul class=\"wp-block-list\">\n<li>En nous appelant au 03.87.28.01.75<\/li>\n\n\n\n<li>En remplissant le formulaire de contact<\/li>\n<\/ul>\n\n\n\n<div class=\"wp-block-contact-form-7-contact-form-selector\">\n<div class=\"wpcf7 no-js\" id=\"wpcf7-f483-o1\" lang=\"fr-FR\" dir=\"ltr\" data-wpcf7-id=\"483\">\n<div class=\"screen-reader-response\"><p role=\"status\" aria-live=\"polite\" aria-atomic=\"true\"><\/p> <ul><\/ul><\/div>\n<form action=\"\/index.php?rest_route=%2Fwp%2Fv2%2Fpages%2F458#wpcf7-f483-o1\" method=\"post\" class=\"wpcf7-form init\" aria-label=\"Formulaire de contact\" novalidate=\"novalidate\" data-status=\"init\">\n<fieldset class=\"hidden-fields-container\"><input type=\"hidden\" name=\"_wpcf7\" value=\"483\" \/><input type=\"hidden\" name=\"_wpcf7_version\" value=\"6.1.5\" \/><input type=\"hidden\" name=\"_wpcf7_locale\" value=\"fr_FR\" \/><input type=\"hidden\" name=\"_wpcf7_unit_tag\" value=\"wpcf7-f483-o1\" \/><input type=\"hidden\" name=\"_wpcf7_container_post\" value=\"0\" \/><input type=\"hidden\" name=\"_wpcf7_posted_data_hash\" value=\"\" \/><input type=\"hidden\" name=\"_wpcf7_recaptcha_response\" value=\"\" \/>\n<\/fieldset>\n<p><label> Vos nom et pr\u00e9nom<br \/>\n<span class=\"wpcf7-form-control-wrap\" data-name=\"your-name\"><input size=\"40\" maxlength=\"400\" class=\"wpcf7-form-control wpcf7-text wpcf7-validates-as-required\" autocomplete=\"name\" aria-required=\"true\" aria-invalid=\"false\" value=\"\" type=\"text\" name=\"your-name\" \/><\/span> <\/label>\n<\/p>\n<p><label> Votre e-mail<br \/>\n<span class=\"wpcf7-form-control-wrap\" data-name=\"your-email\"><input size=\"40\" maxlength=\"400\" class=\"wpcf7-form-control wpcf7-email wpcf7-validates-as-required wpcf7-text wpcf7-validates-as-email\" autocomplete=\"email\" aria-required=\"true\" aria-invalid=\"false\" value=\"\" type=\"email\" name=\"your-email\" \/><\/span> <\/label>\n<\/p>\n<p><label> Votre num\u00e9ro de t\u00e9l\u00e9phonne<br \/>\n<span class=\"wpcf7-form-control-wrap\" data-name=\"your-tel\"><input size=\"40\" maxlength=\"400\" class=\"wpcf7-form-control wpcf7-tel wpcf7-text wpcf7-validates-as-tel\" autocomplete=\"tel\" aria-invalid=\"false\" value=\"\" type=\"tel\" name=\"your-tel\" \/><\/span><\/label>\n<\/p>\n<p><label> Date de rendez-vous souhait\u00e9e<br \/>\n<span class=\"wpcf7-form-control-wrap\" data-name=\"your-date\"><input class=\"wpcf7-form-control wpcf7-date wpcf7-validates-as-required wpcf7-validates-as-date\" autocomplete=\"date\" aria-required=\"true\" aria-invalid=\"false\" value=\"\" type=\"date\" name=\"your-date\" \/><\/span><\/label>\n<\/p>\n<p><label> Heure de rendez-vous souhait\u00e9e<br \/>\n<span class=\"wpcf7-form-control-wrap\" data-name=\"your-name1\"><input size=\"40\" maxlength=\"400\" class=\"wpcf7-form-control wpcf7-text wpcf7-validates-as-required\" autocomplete=\"time\" aria-required=\"true\" aria-invalid=\"false\" value=\"\" type=\"text\" name=\"your-name1\" \/><\/span> <\/label>\n<\/p>\n<p>Votre demande concerne :\n<\/p>\n<p><span class=\"wpcf7-form-control-wrap\" data-name=\"checkbox-7\"><span class=\"wpcf7-form-control wpcf7-checkbox\"><span class=\"wpcf7-list-item first\"><label><input type=\"checkbox\" name=\"checkbox-7[]\" value=\"CNI\/Passeport\" \/><span class=\"wpcf7-list-item-label\">CNI\/Passeport<\/span><\/label><\/span><span class=\"wpcf7-list-item\"><label><input type=\"checkbox\" name=\"checkbox-7[]\" value=\"Permis de conduire\" \/><span class=\"wpcf7-list-item-label\">Permis de conduire<\/span><\/label><\/span><span class=\"wpcf7-list-item\"><label><input type=\"checkbox\" name=\"checkbox-7[]\" value=\"VISA\" \/><span class=\"wpcf7-list-item-label\">VISA<\/span><\/label><\/span><span class=\"wpcf7-list-item last\"><label><input type=\"checkbox\" name=\"checkbox-7[]\" value=\"CV\/Autre\" \/><span class=\"wpcf7-list-item-label\">CV\/Autre<\/span><\/label><\/span><\/span><\/span>\n<\/p>\n<p><label> Votre message<br \/>\n<span class=\"wpcf7-form-control-wrap\" data-name=\"your-message\"><textarea cols=\"40\" rows=\"10\" maxlength=\"2000\" class=\"wpcf7-form-control wpcf7-textarea\" aria-invalid=\"false\" name=\"your-message\"><\/textarea><\/span> <\/label>\n<\/p>\n<p><input class=\"wpcf7-form-control wpcf7-submit has-spinner\" type=\"submit\" value=\"Envoyer\" \/>\n<\/p><p style=\"display: none !important;\" class=\"akismet-fields-container\" data-prefix=\"_wpcf7_ak_\"><label>&#916;<textarea name=\"_wpcf7_ak_hp_textarea\" cols=\"45\" rows=\"8\" maxlength=\"100\"><\/textarea><\/label><input type=\"hidden\" id=\"ak_js_1\" name=\"_wpcf7_ak_js\" value=\"155\"\/><script>document.getElementById( \"ak_js_1\" ).setAttribute( \"value\", ( new Date() ).getTime() );<\/script><\/p><div class=\"wpcf7-response-output\" aria-hidden=\"true\"><\/div>\n<\/form>\n<\/div>\n<\/div>\n","protected":false},"excerpt":{"rendered":"<p>La photo d&rsquo;identit\u00e9 aux normes ANTS Nous sommes \u00e9quip\u00e9s pour vous fournir des photos d&rsquo;identit\u00e9s aux normes pour tous vos documents administratifs : carte d&rsquo;identit\u00e9, passeport, visa, carte vitale, scolaire, photo CV et permis de conduire. Pour ce dernier, nous sommes agr\u00e9\u00e9 ANTS, c&rsquo;est \u00e0 dire que nous sommes en mesure de vous fournir votre [&hellip;]<\/p>\n","protected":false},"author":1,"featured_media":0,"parent":0,"menu_order":0,"comment_status":"closed","ping_status":"closed","template":"","meta":{"ngg_post_thumbnail":0,"footnotes":""},"class_list":["post-458","page","type-page","status-publish","hentry"],"_links":{"self":[{"href":"http:\/\/labonum.com\/index.php?rest_route=\/wp\/v2\/pages\/458","targetHints":{"allow":["GET"]}}],"collection":[{"href":"http:\/\/labonum.com\/index.php?rest_route=\/wp\/v2\/pages"}],"about":[{"href":"http:\/\/labonum.com\/index.php?rest_route=\/wp\/v2\/types\/page"}],"author":[{"embeddable":true,"href":"http:\/\/labonum.com\/index.php?rest_route=\/wp\/v2\/users\/1"}],"replies":[{"embeddable":true,"href":"http:\/\/labonum.com\/index.php?rest_route=%2Fwp%2Fv2%2Fcomments&post=458"}],"version-history":[{"count":17,"href":"http:\/\/labonum.com\/index.php?rest_route=\/wp\/v2\/pages\/458\/revisions"}],"predecessor-version":[{"id":502,"href":"http:\/\/labonum.com\/index.php?rest_route=\/wp\/v2\/pages\/458\/revisions\/502"}],"wp:attachment":[{"href":"http:\/\/labonum.com\/index.php?rest_route=%2Fwp%2Fv2%2Fmedia&parent=458"}],"curies":[{"name":"wp","href":"https:\/\/api.w.org\/{rel}","templated":true}]}}