{"id":529,"date":"2023-04-07T14:57:17","date_gmt":"2023-04-07T12:57:17","guid":{"rendered":"http:\/\/labonum.com\/?page_id=529"},"modified":"2023-04-07T15:01:08","modified_gmt":"2023-04-07T13:01:08","slug":"livres-albums","status":"publish","type":"page","link":"http:\/\/labonum.com\/?page_id=529","title":{"rendered":"Livres albums"},"content":{"rendered":"\n<div class=\"wp-block-group alignwide is-content-justification-space-between is-layout-flex wp-container-core-group-is-layout-c3311b41 wp-block-group-is-layout-flex\" style=\"padding-top:0px;padding-right:0px;padding-bottom:0rem;padding-left:0px\"><div class=\"wp-block-site-logo\"><a href=\"http:\/\/labonum.com\/\" class=\"custom-logo-link\" rel=\"home\"><img loading=\"lazy\" decoding=\"async\" width=\"183\" height=\"122\" src=\"http:\/\/labonum.com\/wp-content\/uploads\/2023\/01\/logo-labo.jpg\" class=\"custom-logo\" alt=\"Labonum\" srcset=\"http:\/\/labonum.com\/wp-content\/uploads\/2023\/01\/logo-labo.jpg 945w, http:\/\/labonum.com\/wp-content\/uploads\/2023\/01\/logo-labo-300x200.jpg 300w, http:\/\/labonum.com\/wp-content\/uploads\/2023\/01\/logo-labo-768x512.jpg 768w\" sizes=\"auto, (max-width: 183px) 100vw, 183px\" \/><\/a><\/div>\n\n<nav class=\"is-responsive items-justified-right wp-block-navigation is-content-justification-right is-layout-flex wp-container-core-navigation-is-layout-f665d2b5 wp-block-navigation-is-layout-flex\" \n\t\t data-wp-interactive=\"core\/navigation\" data-wp-context='{\"overlayOpenedBy\":{\"click\":false,\"hover\":false,\"focus\":false},\"type\":\"overlay\",\"roleAttribute\":\"\",\"ariaLabel\":\"Menu\"}'><button aria-haspopup=\"dialog\" aria-label=\"Ouvrir le menu\" class=\"wp-block-navigation__responsive-container-open\" \n\t\t\t\tdata-wp-on--click=\"actions.openMenuOnClick\"\n\t\t\t\tdata-wp-on--keydown=\"actions.handleMenuKeydown\"\n\t\t\t><svg width=\"24\" height=\"24\" xmlns=\"http:\/\/www.w3.org\/2000\/svg\" viewBox=\"0 0 24 24\" aria-hidden=\"true\" focusable=\"false\"><path d=\"M4 7.5h16v1.5H4z\"><\/path><path d=\"M4 15h16v1.5H4z\"><\/path><\/svg><\/button>\n\t\t\t\t<div class=\"wp-block-navigation__responsive-container\"  id=\"modal-1\" \n\t\t\t\tdata-wp-class--has-modal-open=\"state.isMenuOpen\"\n\t\t\t\tdata-wp-class--is-menu-open=\"state.isMenuOpen\"\n\t\t\t\tdata-wp-watch=\"callbacks.initMenu\"\n\t\t\t\tdata-wp-on--keydown=\"actions.handleMenuKeydown\"\n\t\t\t\tdata-wp-on--focusout=\"actions.handleMenuFocusout\"\n\t\t\t\ttabindex=\"-1\"\n\t\t\t>\n\t\t\t\t\t<div class=\"wp-block-navigation__responsive-close\" tabindex=\"-1\">\n\t\t\t\t\t\t<div class=\"wp-block-navigation__responsive-dialog\" \n\t\t\t\tdata-wp-bind--aria-modal=\"state.ariaModal\"\n\t\t\t\tdata-wp-bind--aria-label=\"state.ariaLabel\"\n\t\t\t\tdata-wp-bind--role=\"state.roleAttribute\"\n\t\t\t>\n\t\t\t\t\t\t\t<button aria-label=\"Fermer le menu\" class=\"wp-block-navigation__responsive-container-close\" \n\t\t\t\tdata-wp-on--click=\"actions.closeMenuOnClick\"\n\t\t\t><svg xmlns=\"http:\/\/www.w3.org\/2000\/svg\" viewBox=\"0 0 24 24\" width=\"24\" height=\"24\" aria-hidden=\"true\" focusable=\"false\"><path d=\"m13.06 12 6.47-6.47-1.06-1.06L12 10.94 5.53 4.47 4.47 5.53 10.94 12l-6.47 6.47 1.06 1.06L12 13.06l6.47 6.47 1.06-1.06L13.06 12Z\"><\/path><\/svg><\/button>\n\t\t\t\t\t\t\t<div class=\"wp-block-navigation__responsive-container-content\" \n\t\t\t\tdata-wp-watch=\"callbacks.focusFirstElement\"\n\t\t\t id=\"modal-1-content\">\n\t\t\t\t\t\t\t\t<ul class=\"wp-block-navigation__container is-responsive items-justified-right wp-block-navigation\"><ul class=\"wp-block-page-list\"><li class=\"wp-block-pages-list__item wp-block-navigation-item open-on-hover-click\"><a class=\"wp-block-pages-list__item__link wp-block-navigation-item__content\" href=\"http:\/\/labonum.com\/?page_id=118\">A propos<\/a><\/li><li class=\"wp-block-pages-list__item wp-block-navigation-item open-on-hover-click\"><a class=\"wp-block-pages-list__item__link wp-block-navigation-item__content\" href=\"http:\/\/labonum.com\/?page_id=9\">Contact<\/a><\/li><li class=\"wp-block-pages-list__item wp-block-navigation-item open-on-hover-click menu-item-home\"><a class=\"wp-block-pages-list__item__link wp-block-navigation-item__content\" href=\"http:\/\/labonum.com\/\">home<\/a><\/li><li class=\"wp-block-pages-list__item wp-block-navigation-item open-on-hover-click\"><a class=\"wp-block-pages-list__item__link wp-block-navigation-item__content\" href=\"http:\/\/labonum.com\/?page_id=529\">Livres albums<\/a><\/li><li class=\"wp-block-pages-list__item wp-block-navigation-item open-on-hover-click\"><a class=\"wp-block-pages-list__item__link wp-block-navigation-item__content\" href=\"http:\/\/labonum.com\/?page_id=164\">organisation logistique<\/a><\/li><li class=\"wp-block-pages-list__item wp-block-navigation-item open-on-hover-click\"><a class=\"wp-block-pages-list__item__link wp-block-navigation-item__content\" href=\"http:\/\/labonum.com\/?page_id=458\">Photo d&rsquo;identit\u00e9 ANTS<\/a><\/li><li class=\"wp-block-pages-list__item wp-block-navigation-item open-on-hover-click\"><a class=\"wp-block-pages-list__item__link wp-block-navigation-item__content\" href=\"http:\/\/labonum.com\/?page_id=230\">Photo scolaire<\/a><\/li><li class=\"wp-block-pages-list__item wp-block-navigation-item open-on-hover-click\"><a class=\"wp-block-pages-list__item__link wp-block-navigation-item__content\" href=\"http:\/\/labonum.com\/?page_id=440\">Photobooth<\/a><\/li><li class=\"wp-block-pages-list__item wp-block-navigation-item open-on-hover-click\"><a class=\"wp-block-pages-list__item__link wp-block-navigation-item__content\" href=\"http:\/\/labonum.com\/?page_id=698\">R\u00e9servation photobooth<\/a><\/li><li class=\"wp-block-pages-list__item wp-block-navigation-item open-on-hover-click\"><a class=\"wp-block-pages-list__item__link wp-block-navigation-item__content\" href=\"http:\/\/labonum.com\/?page_id=268\">Transfert vid\u00e9o<\/a><\/li><\/ul><\/ul>\n\t\t\t\t\t\t\t<\/div>\n\t\t\t\t\t\t<\/div>\n\t\t\t\t\t<\/div>\n\t\t\t\t<\/div><\/nav><\/div>\n\n\n\n<h2 class=\"wp-block-heading alignfull has-text-align-center\">Les livres albums (ou photobook) luxe<\/h2>\n\n\n\n<figure class=\"wp-block-gallery has-nested-images columns-default is-cropped wp-block-gallery-2 is-layout-flex wp-block-gallery-is-layout-flex\">\n<figure class=\"wp-block-image size-large\"><img loading=\"lazy\" decoding=\"async\" width=\"1024\" height=\"683\" data-id=\"534\" src=\"http:\/\/labonum.com\/wp-content\/uploads\/2023\/04\/35x35-bande-alu-2-1024x683.jpg\" alt=\"\" class=\"wp-image-534\" srcset=\"http:\/\/labonum.com\/wp-content\/uploads\/2023\/04\/35x35-bande-alu-2-1024x683.jpg 1024w, http:\/\/labonum.com\/wp-content\/uploads\/2023\/04\/35x35-bande-alu-2-300x200.jpg 300w, http:\/\/labonum.com\/wp-content\/uploads\/2023\/04\/35x35-bande-alu-2-768x512.jpg 768w, http:\/\/labonum.com\/wp-content\/uploads\/2023\/04\/35x35-bande-alu-2-1536x1024.jpg 1536w, http:\/\/labonum.com\/wp-content\/uploads\/2023\/04\/35x35-bande-alu-2-2048x1365.jpg 2048w\" sizes=\"auto, (max-width: 1024px) 100vw, 1024px\" \/><\/figure>\n\n\n\n<figure class=\"wp-block-image size-large\"><img loading=\"lazy\" decoding=\"async\" width=\"883\" height=\"1024\" data-id=\"533\" src=\"http:\/\/labonum.com\/wp-content\/uploads\/2023\/04\/30x30-alu-100-883x1024.jpg\" alt=\"\" class=\"wp-image-533\" srcset=\"http:\/\/labonum.com\/wp-content\/uploads\/2023\/04\/30x30-alu-100-883x1024.jpg 883w, http:\/\/labonum.com\/wp-content\/uploads\/2023\/04\/30x30-alu-100-259x300.jpg 259w, http:\/\/labonum.com\/wp-content\/uploads\/2023\/04\/30x30-alu-100-768x891.jpg 768w, http:\/\/labonum.com\/wp-content\/uploads\/2023\/04\/30x30-alu-100.jpg 1315w\" sizes=\"auto, (max-width: 883px) 100vw, 883px\" \/><\/figure>\n\n\n\n<figure class=\"wp-block-image size-large\"><img loading=\"lazy\" decoding=\"async\" width=\"1024\" height=\"449\" data-id=\"532\" src=\"http:\/\/labonum.com\/wp-content\/uploads\/2023\/04\/MG_0335-1024x449.jpg\" alt=\"\" class=\"wp-image-532\" srcset=\"http:\/\/labonum.com\/wp-content\/uploads\/2023\/04\/MG_0335-1024x449.jpg 1024w, http:\/\/labonum.com\/wp-content\/uploads\/2023\/04\/MG_0335-300x131.jpg 300w, http:\/\/labonum.com\/wp-content\/uploads\/2023\/04\/MG_0335-768x336.jpg 768w, http:\/\/labonum.com\/wp-content\/uploads\/2023\/04\/MG_0335-1536x673.jpg 1536w, http:\/\/labonum.com\/wp-content\/uploads\/2023\/04\/MG_0335-2048x897.jpg 2048w\" sizes=\"auto, (max-width: 1024px) 100vw, 1024px\" \/><\/figure>\n\n\n\n<figure class=\"wp-block-image size-large\"><img loading=\"lazy\" decoding=\"async\" width=\"1024\" height=\"928\" data-id=\"531\" src=\"http:\/\/labonum.com\/wp-content\/uploads\/2023\/04\/MG_0333-1024x928.jpg\" alt=\"\" class=\"wp-image-531\" srcset=\"http:\/\/labonum.com\/wp-content\/uploads\/2023\/04\/MG_0333-1024x928.jpg 1024w, http:\/\/labonum.com\/wp-content\/uploads\/2023\/04\/MG_0333-300x272.jpg 300w, http:\/\/labonum.com\/wp-content\/uploads\/2023\/04\/MG_0333-768x696.jpg 768w, http:\/\/labonum.com\/wp-content\/uploads\/2023\/04\/MG_0333.jpg 1535w\" sizes=\"auto, (max-width: 1024px) 100vw, 1024px\" \/><\/figure>\n\n\n\n<figure class=\"wp-block-image size-large\"><img loading=\"lazy\" decoding=\"async\" width=\"512\" height=\"1024\" data-id=\"523\" src=\"http:\/\/labonum.com\/wp-content\/uploads\/2023\/04\/demo-30X40H-sRGB-512x1024.jpg\" alt=\"\" class=\"wp-image-523\" srcset=\"http:\/\/labonum.com\/wp-content\/uploads\/2023\/04\/demo-30X40H-sRGB-512x1024.jpg 512w, http:\/\/labonum.com\/wp-content\/uploads\/2023\/04\/demo-30X40H-sRGB-150x300.jpg 150w, http:\/\/labonum.com\/wp-content\/uploads\/2023\/04\/demo-30X40H-sRGB-768x1536.jpg 768w, http:\/\/labonum.com\/wp-content\/uploads\/2023\/04\/demo-30X40H-sRGB-1024x2048.jpg 1024w, http:\/\/labonum.com\/wp-content\/uploads\/2023\/04\/demo-30X40H-sRGB-scaled.jpg 1280w\" sizes=\"auto, (max-width: 512px) 100vw, 512px\" \/><\/figure>\n<\/figure>\n\n\n\n<h3 class=\"wp-block-heading\">Un livre album, pourquoi ?<\/h3>\n\n\n\n<p>Vous \u00eates un professionnel de l&rsquo;image. Vous avez r\u00e9alis\u00e9 une s\u00e9ance photo, un reportage lors d&rsquo;un mariage, une communion, une naissance ou tout autre \u00e9v\u00e9nement important. Vous avez besoin d&rsquo;un support qui met en valeur vos cr\u00e9ations, notre gamme de livres albums est faite pour vous.<\/p>\n\n\n\n<h3 class=\"wp-block-heading\">La r\u00e9alisation du livre album<\/h3>\n\n\n\n<p>Nous travaillons en \u00e9troite collaboration avec nos clients, de la conception \u00e0 la r\u00e9alisation. C&rsquo;est pour cela que nous ne proposons pas de catalogue avec diff\u00e9rents mod\u00e8les mais fabriquons des livres \u00ab\u00a0sur mesure\u00a0\u00bb.<\/p>\n\n\n\n<h3 class=\"wp-block-heading\">La qualit\u00e9 du livre album<\/h3>\n\n\n\n<p>Vos fichiers sont tir\u00e9s sur du vrai papier photo argentique. Les tirages sont rassembl\u00e9s dans un bloc int\u00e9rieur de pages \u00e9paisses, permettant une ouverture \u00e0 plat \u00e0 180\u00b0.<\/p>\n\n\n\n<p>Une couverture, int\u00e9gralement fabriqu\u00e9e dans nos locaux, vient contenir ce bloc. Elle peut \u00eatre en simili cuir, de cuir v\u00e9ritable ou tout autre mati\u00e8re techniquement compatible. Elle est compos\u00e9e de trois partie : le dessus, la tranche et l&rsquo;arri\u00e8re qui chacune peut avoir sa propre couleur. Une plaque d&rsquo;aluminium peut recouvrir l&rsquo;ensemble du dessus ou un bandeau peut y \u00eatre incrust\u00e9.<\/p>\n\n\n\n<h3 class=\"wp-block-heading\">Les formats du livre album<\/h3>\n\n\n\n<p>Ils peuvent \u00eatre carr\u00e9s, horizontaux ou verticaux. Les tailles vont du 10X10 au 30X40, en passant par le 20X20, 30X30 (le plus courant), 35X35&#8230;.<\/p>\n\n\n\n<p>Souvent, en particulier pour les mariages, le couple choisit un album pour lui et souhaite en offrir \u00e0 ses proches. C&rsquo;est pourquoi nous sommes en mesure de fabriquer des livres identiques \u00e0 un format plus petit (par exemple 15X15 \u00e0 partir d&rsquo;un 30X30). Les rapports \u00e9tant homoth\u00e9tiques, il n&rsquo;y a pas de travail de montage num\u00e9rique suppl\u00e9mentaire \u00e0 r\u00e9aliser.<\/p>\n\n\n\n<hr class=\"wp-block-separator has-text-color has-alpha-channel-opacity has-background is-style-wide\" style=\"background-color:#bcca2f;color:#bcca2f\"\/>\n\n\n\n<p>N&rsquo;h\u00e9sitez pas \u00e0 nous <a href=\"http:\/\/labonum.com\/?page_id=9\">contacter<\/a> pour de plus amples informations.<\/p>\n","protected":false},"excerpt":{"rendered":"<p>Les livres albums (ou photobook) luxe Un livre album, pourquoi ? Vous \u00eates un professionnel de l&rsquo;image. Vous avez r\u00e9alis\u00e9 une s\u00e9ance photo, un reportage lors d&rsquo;un mariage, une communion, une naissance ou tout autre \u00e9v\u00e9nement important. Vous avez besoin d&rsquo;un support qui met en valeur vos cr\u00e9ations, notre gamme de livres albums est faite [&hellip;]<\/p>\n","protected":false},"author":1,"featured_media":0,"parent":0,"menu_order":0,"comment_status":"closed","ping_status":"closed","template":"","meta":{"ngg_post_thumbnail":0,"footnotes":""},"class_list":["post-529","page","type-page","status-publish","hentry"],"_links":{"self":[{"href":"http:\/\/labonum.com\/index.php?rest_route=\/wp\/v2\/pages\/529","targetHints":{"allow":["GET"]}}],"collection":[{"href":"http:\/\/labonum.com\/index.php?rest_route=\/wp\/v2\/pages"}],"about":[{"href":"http:\/\/labonum.com\/index.php?rest_route=\/wp\/v2\/types\/page"}],"author":[{"embeddable":true,"href":"http:\/\/labonum.com\/index.php?rest_route=\/wp\/v2\/users\/1"}],"replies":[{"embeddable":true,"href":"http:\/\/labonum.com\/index.php?rest_route=%2Fwp%2Fv2%2Fcomments&post=529"}],"version-history":[{"count":5,"href":"http:\/\/labonum.com\/index.php?rest_route=\/wp\/v2\/pages\/529\/revisions"}],"predecessor-version":[{"id":540,"href":"http:\/\/labonum.com\/index.php?rest_route=\/wp\/v2\/pages\/529\/revisions\/540"}],"wp:attachment":[{"href":"http:\/\/labonum.com\/index.php?rest_route=%2Fwp%2Fv2%2Fmedia&parent=529"}],"curies":[{"name":"wp","href":"https:\/\/api.w.org\/{rel}","templated":true}]}}